{"id":1102,"date":"2023-02-06T08:46:21","date_gmt":"2023-02-06T08:46:21","guid":{"rendered":"https:\/\/shf.se\/?page_id=1102"},"modified":"2023-09-13T15:17:04","modified_gmt":"2023-09-13T15:17:04","slug":"protokoll-2022-23","status":"publish","type":"page","link":"https:\/\/shf.se\/en\/dokument\/protokoll-2022-23\/","title":{"rendered":"Protokoll 2022\/23"},"content":{"rendered":"<p><a href=\"http:\/\/shf.se\/public_html\/wp-content\/uploads\/20221018-Protokoll-SHF-styrelsemote.pdf\">20221018 Protokoll SHF styrelsem\u00f6te<\/a><\/p>\n\n\n\n<p><a href=\"http:\/\/shf.se\/public_html\/wp-content\/uploads\/20221025-Protokoll-SHF-styrelsemote.pdf\">20221025 Protokoll SHF styrelsem\u00f6te<\/a><\/p>\n\n\n\n<p><a href=\"http:\/\/shf.se\/public_html\/wp-content\/uploads\/20221117-Protokoll-SHF-arsmote-2022_redacted.pdf\">20221117 Protokoll SHF \u00e5rsm\u00f6te<\/a> | <a href=\"http:\/\/shf.se\/public_html\/wp-content\/uploads\/Kallelse_SHFs_arsmote_2022-1.pdf\">Dagordning<\/a> | <a href=\"http:\/\/shf.se\/public_html\/wp-content\/uploads\/20221117-SHF-arsberattelse.pdf\">\u00c5rsber\u00e4ttelse<\/a> | <a href=\"http:\/\/shf.se\/public_html\/wp-content\/uploads\/Bokslut_2021-2022.pdf\">Bokslut<\/a> | <a href=\"http:\/\/shf.se\/public_html\/wp-content\/uploads\/Utfall_2021-2022-1.pdf\">Utfall<\/a> | <a href=\"http:\/\/shf.se\/public_html\/wp-content\/uploads\/20221117-Revisionsberattelse-SHF-2022.pdf\">Revisionsber\u00e4ttelse<\/a> | <a href=\"http:\/\/shf.se\/public_html\/wp-content\/uploads\/Budget_2021-2022-1.pdf\">Budgetf\u00f6rslag<\/a><\/p>\n\n\n\n<p><a href=\"http:\/\/shf.se\/public_html\/wp-content\/uploads\/20230111-Protokoll-SHF-styrelsemote-konstituerande_redacted.pdf\">20230111 Protokoll SHF styrelsem\u00f6te konstituerande<\/a><\/p>\n\n\n\n<p><a href=\"http:\/\/shf.se\/public_html\/wp-content\/uploads\/20230111-Protokoll-SHF-styrelsemote_redacted.pdf\">20230111 Protokoll SHF styrelsem\u00f6te<\/a><\/p>\n\n\n\n<p><a href=\"http:\/\/shf.se\/public_html\/wp-content\/uploads\/20230215-Protokoll-SHF-styrelsemote.pdf\">20230215 Protokoll SHF styrelsem\u00f6te<\/a><\/p>\n\n\n\n<p><a href=\"http:\/\/shf.se\/public_html\/wp-content\/uploads\/20230323-Protokoll-SHF-styrelsemote.pdf\">20230323 Protokoll SHF styrelsem\u00f6te<\/a><\/p>\n\n\n\n<p><a href=\"http:\/\/shf.se\/public_html\/wp-content\/uploads\/20230419-Protokoll-SHF-sttyrelsemote.pdf\">20230419 Protokoll SHF styrelsem\u00f6te<\/a><\/p>\n\n\n\n<p><a href=\"http:\/\/shf.se\/public_html\/wp-content\/uploads\/20230524-Protokoll-SHF-styrelsemote.pdf\">20230524 Protokoll SHF styrelsem\u00f6te<\/a><\/p>\n\n\n\n<p><a href=\"http:\/\/shf.se\/public_html\/wp-content\/uploads\/20230831-Protokoll-SHF-styrelsemote.pdf\">20230831 Protokoll SHF styrelsem\u00f6te<\/a><\/p>","protected":false},"excerpt":{"rendered":"<p>20221018 Protokoll SHF styrelsem\u00f6te 20221025 Protokoll SHF styrelsem\u00f6te 20221117 Protokoll SHF \u00e5rsm\u00f6te | Dagordning | \u00c5rsber\u00e4ttelse | Bokslut | Utfall<\/p>","protected":false},"author":1,"featured_media":0,"parent":65,"menu_order":0,"comment_status":"closed","ping_status":"closed","template":"","meta":{"colormag_page_container_layout":"default_layout","colormag_page_sidebar_layout":"default_layout","footnotes":""},"folder":[],"class_list":["post-1102","page","type-page","status-publish","hentry"],"featured_image_src":null,"_links":{"self":[{"href":"https:\/\/shf.se\/en\/wp-json\/wp\/v2\/pages\/1102","targetHints":{"allow":["GET"]}}],"collection":[{"href":"https:\/\/shf.se\/en\/wp-json\/wp\/v2\/pages"}],"about":[{"href":"https:\/\/shf.se\/en\/wp-json\/wp\/v2\/types\/page"}],"author":[{"embeddable":true,"href":"https:\/\/shf.se\/en\/wp-json\/wp\/v2\/users\/1"}],"replies":[{"embeddable":true,"href":"https:\/\/shf.se\/en\/wp-json\/wp\/v2\/comments?post=1102"}],"version-history":[{"count":8,"href":"https:\/\/shf.se\/en\/wp-json\/wp\/v2\/pages\/1102\/revisions"}],"predecessor-version":[{"id":1201,"href":"https:\/\/shf.se\/en\/wp-json\/wp\/v2\/pages\/1102\/revisions\/1201"}],"up":[{"embeddable":true,"href":"https:\/\/shf.se\/en\/wp-json\/wp\/v2\/pages\/65"}],"wp:attachment":[{"href":"https:\/\/shf.se\/en\/wp-json\/wp\/v2\/media?parent=1102"}],"wp:term":[{"taxonomy":"folder","embeddable":true,"href":"https:\/\/shf.se\/en\/wp-json\/wp\/v2\/folder?post=1102"}],"curies":[{"name":"wp","href":"https:\/\/api.w.org\/{rel}","templated":true}]}}