{"id":115,"date":"2019-05-22T07:23:28","date_gmt":"2019-05-22T07:23:28","guid":{"rendered":"http:\/\/shf.se\/?page_id=115"},"modified":"2021-10-21T13:06:01","modified_gmt":"2021-10-21T13:06:01","slug":"dyrssenpriset-2019","status":"publish","type":"page","link":"https:\/\/shf.se\/en\/dyrssenpriset\/dyrssenpriset-2019\/","title":{"rendered":"Dyrssen Award 2019"},"content":{"rendered":"<p>The competition for the Dyrssen Award 2019 was tough! The evaluation of the nominated theses was carried out by the Board on the basis of the general interest and value of the studies, the level of knowledge of the author, the performance of the study, and the presentation of the work. <\/p>\n\n\n\n<p><strong>The board has decided to award the Dyrssen Award for the best MSc thesis in marine sciences to:<\/strong><\/p>\n\n\n\n<p><strong>Kyra Spaan<\/strong> (Stockholms universitet) f\u00f6r hennes examensarbete \u201dFluorine mass balance in marine mammals from the Northern Hemisphere \u2013 a combination of targeted, total (organo)fluorine, and non-targeted analysis\u201d. I studies &nbsp;kvantifierade och identifierade Spaan organofluor-\u00e4mnen levrar hos olika grupper av marina d\u00e4ggdjur, samt visade att exponeringen av organofluor-\u00e4mnen f\u00f6r n\u00e4rvarande underskattas. <\/p>\n\n\n\n<p><strong>The Dyrssen Award for the second best MSc thesis goes to: <\/strong><\/p>\n\n\n\n<p><strong>Felicity Pike<\/strong> (Stockholm University) for her thesis \u201cThe social-ecological domains of the seagrass-associated invertebrate gleaning fishery in Zanzibar, Tanzania\u201d. In her multidisciplinary study, she assessed the different ecological, social and economic aspects of <em>gleaning<\/em> (i.e. collection of invertebrates) \u2013 a process often ignored in conservation and management plans.<\/p>\n\n\n\n<p>The official prize ceremony will take place 12-13 November in \u00d6regrund during the Marine Science Days at SLU Aqua, where the winners have the opportunity to present their research as a part of the conference.<\/p>","protected":false},"excerpt":{"rendered":"<p>Kampen om Dyrssenpriset 2019 var mycket h\u00e5rd. Bed\u00f6mningen av de nominerade arbetena f\u00f6r Dyrssenpriset 2019 utf\u00f6rdes av styrelsen utif\u00e5n studiernas<\/p>","protected":false},"author":1,"featured_media":0,"parent":47,"menu_order":0,"comment_status":"closed","ping_status":"closed","template":"","meta":{"colormag_page_container_layout":"default_layout","colormag_page_sidebar_layout":"default_layout","footnotes":""},"folder":[],"class_list":["post-115","page","type-page","status-publish","hentry"],"featured_image_src":null,"_links":{"self":[{"href":"https:\/\/shf.se\/en\/wp-json\/wp\/v2\/pages\/115","targetHints":{"allow":["GET"]}}],"collection":[{"href":"https:\/\/shf.se\/en\/wp-json\/wp\/v2\/pages"}],"about":[{"href":"https:\/\/shf.se\/en\/wp-json\/wp\/v2\/types\/page"}],"author":[{"embeddable":true,"href":"https:\/\/shf.se\/en\/wp-json\/wp\/v2\/users\/1"}],"replies":[{"embeddable":true,"href":"https:\/\/shf.se\/en\/wp-json\/wp\/v2\/comments?post=115"}],"version-history":[{"count":7,"href":"https:\/\/shf.se\/en\/wp-json\/wp\/v2\/pages\/115\/revisions"}],"predecessor-version":[{"id":787,"href":"https:\/\/shf.se\/en\/wp-json\/wp\/v2\/pages\/115\/revisions\/787"}],"up":[{"embeddable":true,"href":"https:\/\/shf.se\/en\/wp-json\/wp\/v2\/pages\/47"}],"wp:attachment":[{"href":"https:\/\/shf.se\/en\/wp-json\/wp\/v2\/media?parent=115"}],"wp:term":[{"taxonomy":"folder","embeddable":true,"href":"https:\/\/shf.se\/en\/wp-json\/wp\/v2\/folder?post=115"}],"curies":[{"name":"wp","href":"https:\/\/api.w.org\/{rel}","templated":true}]}}