{"id":1307,"date":"2023-10-25T17:47:13","date_gmt":"2023-10-25T17:47:13","guid":{"rendered":"https:\/\/shf.se\/?page_id=1307"},"modified":"2023-11-03T08:39:57","modified_gmt":"2023-11-03T08:39:57","slug":"dyrssenpriset-2023","status":"publish","type":"page","link":"https:\/\/shf.se\/en\/dyrssenpriset\/dyrssenpriset-2023\/","title":{"rendered":"Dyrssen Award 2023"},"content":{"rendered":"<p>The Swedish Society for Marine Sciences annually presents the Dyrssen Award for Master\u2019s degree projects in marine sciences in Sweden. Monetary prizes are awarded to the two best nominations: 1st prize is SEK 10,000 and the 2nd second prize is SEK 5,000. The award is instituted by SHF in honor of David Dyrssen (1922 - 2011), emeritus professor of analytical chemistry at the University of Gothenburg. As one of the founding members of the Swedish Society for Marine Sciences, he spent his career being an active proponent for the promotion of inter-disciplinary research in marine sciences. <em>David Dyrssen<\/em> (1922 - 2011), emeritus professor of analytical chemistry at the University of Gothenburg. As one of the founding members of the Swedish Society for Marine Sciences, he spent his career being an active proponent for the promotion of trans-disciplinary research for the marine sciences.<\/p>\n\n\n\n<h4 class=\"wp-block-heading has-white-color has-text-color has-background\" style=\"background-color:#476f77;font-size:18px\">The Swedish Society for Marine Sciences is very pleased to announce that <strong>the Dyrssen Award 202<\/strong>3 for the best thesis (first and second prize) in marine sciences at master's level go to:<\/h4>\n\n\n\n<div class=\"wp-block-media-text is-stacked-on-mobile\" style=\"grid-template-columns:15% auto\"><figure class=\"wp-block-media-text__media\"><img loading=\"lazy\" decoding=\"async\" width=\"436\" height=\"540\" src=\"https:\/\/shf.se\/public_html\/wp-content\/uploads\/Dyrssen_2023_MBG.jpg\" alt=\"\" class=\"wp-image-1308 size-full\" srcset=\"https:\/\/shf.se\/public_html\/wp-content\/uploads\/Dyrssen_2023_MBG.jpg 436w, https:\/\/shf.se\/public_html\/wp-content\/uploads\/Dyrssen_2023_MBG-242x300.jpg 242w, https:\/\/shf.se\/public_html\/wp-content\/uploads\/Dyrssen_2023_MBG-121x150.jpg 121w, https:\/\/shf.se\/public_html\/wp-content\/uploads\/Dyrssen_2023_MBG-10x12.jpg 10w\" sizes=\"auto, (max-width: 436px) 100vw, 436px\" \/><\/figure><div class=\"wp-block-media-text__content\">\n<p><strong>Mar\u00eda Eugenia (Maru) Bernal G\u00f3mez, G\u00f6teborgs universitet<\/strong><\/p>\n\n\n\n<p>Linking sexual reproduction with genetic diversity and connectivity in the seagrass <em>Zostera marina<\/em> (L.)<\/p>\n<\/div><\/div>\n\n\n\n<div class=\"wp-block-media-text is-stacked-on-mobile\" style=\"grid-template-columns:15% auto\"><figure class=\"wp-block-media-text__media\"><img loading=\"lazy\" decoding=\"async\" width=\"225\" height=\"225\" src=\"https:\/\/shf.se\/public_html\/wp-content\/uploads\/Dyrssen_2023_WL.jpeg\" alt=\"\" class=\"wp-image-1309 size-full\" srcset=\"https:\/\/shf.se\/public_html\/wp-content\/uploads\/Dyrssen_2023_WL.jpeg 225w, https:\/\/shf.se\/public_html\/wp-content\/uploads\/Dyrssen_2023_WL-150x150.jpeg 150w, https:\/\/shf.se\/public_html\/wp-content\/uploads\/Dyrssen_2023_WL-12x12.jpeg 12w\" sizes=\"auto, (max-width: 225px) 100vw, 225px\" \/><\/figure><div class=\"wp-block-media-text__content\">\n<p><strong>Wilma Ljungberg, G\u00f6teborgs universitet<\/strong><\/p>\n\n\n\n<p>CO<sub>2<\/sub> uptake and carbonate biogeochemistry along a tidal glacier-lagoon-ocean continuum<\/p>\n<\/div><\/div>\n\n\n\n<p><\/p>\n\n\n\n<p>Many thanks to all students, supervisors and examiners for the nominations for this year's Dyrssen Award! The assessment is based on four main criteria: value of interest, level of knowledge, execution and presentation. A total of 18 nominated theses were reviewed by the board, two honorary chairs, and two former board members. The prizes are awarded in connection with the SHF annual meeting during the Marine Research Days 21-23 November in Ume\u00e5. The winners are invited to present their work during the conference. <\/p>\n\n\n\n<p><strong>Read news from the University of Gothenburg (2023-11-02):<\/strong><br><a href=\"https:\/\/www.gu.se\/nyheter\/marina-studenter-prisas-for-masterarbeten-om-algras-och-smaltande-glaciarer\">Marina studenter prisas f\u00f6r masterarbeten om \u00e5lgr\u00e4s och sm\u00e4ltande glaci\u00e4rer<\/a> <br><a href=\"https:\/\/www.gu.se\/en\/news\/marine-students-awarded-for-masters-theses-on-eelgrass-and-melting-glaciers\">Marine students awarded for master&#8217;s theses on eelgrass and melting glaciers<\/a><br><\/p>","protected":false},"excerpt":{"rendered":"<p>Svenska Havsforskningsf\u00f6reningen f\u00f6rvaltar och utser \u00e5rligen vinnare av Dyrssenpriset f\u00f6r de tv\u00e5 b\u00e4sta examensarbeten inom det marina omr\u00e5det p\u00e5 masterniv\u00e5.<\/p>","protected":false},"author":1,"featured_media":0,"parent":47,"menu_order":0,"comment_status":"closed","ping_status":"closed","template":"","meta":{"colormag_page_container_layout":"default_layout","colormag_page_sidebar_layout":"default_layout","footnotes":""},"folder":[],"class_list":["post-1307","page","type-page","status-publish","hentry"],"featured_image_src":null,"_links":{"self":[{"href":"https:\/\/shf.se\/en\/wp-json\/wp\/v2\/pages\/1307","targetHints":{"allow":["GET"]}}],"collection":[{"href":"https:\/\/shf.se\/en\/wp-json\/wp\/v2\/pages"}],"about":[{"href":"https:\/\/shf.se\/en\/wp-json\/wp\/v2\/types\/page"}],"author":[{"embeddable":true,"href":"https:\/\/shf.se\/en\/wp-json\/wp\/v2\/users\/1"}],"replies":[{"embeddable":true,"href":"https:\/\/shf.se\/en\/wp-json\/wp\/v2\/comments?post=1307"}],"version-history":[{"count":7,"href":"https:\/\/shf.se\/en\/wp-json\/wp\/v2\/pages\/1307\/revisions"}],"predecessor-version":[{"id":1378,"href":"https:\/\/shf.se\/en\/wp-json\/wp\/v2\/pages\/1307\/revisions\/1378"}],"up":[{"embeddable":true,"href":"https:\/\/shf.se\/en\/wp-json\/wp\/v2\/pages\/47"}],"wp:attachment":[{"href":"https:\/\/shf.se\/en\/wp-json\/wp\/v2\/media?parent=1307"}],"wp:term":[{"taxonomy":"folder","embeddable":true,"href":"https:\/\/shf.se\/en\/wp-json\/wp\/v2\/folder?post=1307"}],"curies":[{"name":"wp","href":"https:\/\/api.w.org\/{rel}","templated":true}]}}