{"id":18,"date":"2019-05-08T09:06:32","date_gmt":"2019-05-08T09:06:32","guid":{"rendered":"http:\/\/shf.se\/?page_id=18"},"modified":"2026-04-22T14:14:42","modified_gmt":"2026-04-22T14:14:42","slug":"havsforskningsdagarna","status":"publish","type":"page","link":"https:\/\/shf.se\/en\/havsforskningsdagarna\/","title":{"rendered":"Marine Research Days"},"content":{"rendered":"<p>The Swedish Society for Marine Sciences (Svenska havsforskningsf\u00f6reningen, SHF) organises the Swedish Marine Science conference (Havsforskningsdagarna) once a year. The conference is an interdisciplinary marine conference where scientists, officials, consultants, biologists, chemists, oceanographers, engineers and geologists meet and share their experiences and knowledge during a small-scale, 2-3 days conference.<\/p>\n\n\n\n<p>Everyone who works in Sweden in marine research and surveillance, or who in other ways has a special interest in issues related to our marine areas, is welcome to participate and share their experiences and knowledge during this conference. Participants are welcome to present their work orally or as a poster, and SHF also invites interesting and inspiring speakers each year. The marine research days are an excellent opportunity to present the latest research and projects that are ongoing at national level. <\/p>\n\n\n\n<p class=\"has-text-align-center has-cm-color-4-color has-text-color has-background has-link-color has-medium-font-size wp-elements-a116c4100d9a2d1e09c68edb7f024518\" style=\"background-color:#476f77\"><a href=\"https:\/\/shf.se\/en\/havsforskningsdagarna\/nordisk-havsforskarmote-2026\/\" data-type=\"page\" data-id=\"1443\"><strong>Nordiskt Havsforskarm\u00f6te och Havsforskningsdagarna 2026<\/strong><\/a><\/p>\n\n\n\n<p><\/p>","protected":false},"excerpt":{"rendered":"<p>Varje \u00e5r arrangerar SHF Havsforskninsgdagarna. Det \u00e4r en konferens med syfte att fr\u00e4mja ett tv\u00e4rvetenskapligt samarbete mellan forskare, tj\u00e4nstem\u00e4n och<\/p>","protected":false},"author":1,"featured_media":0,"parent":0,"menu_order":0,"comment_status":"closed","ping_status":"closed","template":"","meta":{"colormag_page_container_layout":"no_sidebar_content_centered","colormag_page_sidebar_layout":"no_sidebar","footnotes":""},"folder":[],"class_list":["post-18","page","type-page","status-publish","hentry"],"featured_image_src":null,"_links":{"self":[{"href":"https:\/\/shf.se\/en\/wp-json\/wp\/v2\/pages\/18","targetHints":{"allow":["GET"]}}],"collection":[{"href":"https:\/\/shf.se\/en\/wp-json\/wp\/v2\/pages"}],"about":[{"href":"https:\/\/shf.se\/en\/wp-json\/wp\/v2\/types\/page"}],"author":[{"embeddable":true,"href":"https:\/\/shf.se\/en\/wp-json\/wp\/v2\/users\/1"}],"replies":[{"embeddable":true,"href":"https:\/\/shf.se\/en\/wp-json\/wp\/v2\/comments?post=18"}],"version-history":[{"count":43,"href":"https:\/\/shf.se\/en\/wp-json\/wp\/v2\/pages\/18\/revisions"}],"predecessor-version":[{"id":2352,"href":"https:\/\/shf.se\/en\/wp-json\/wp\/v2\/pages\/18\/revisions\/2352"}],"wp:attachment":[{"href":"https:\/\/shf.se\/en\/wp-json\/wp\/v2\/media?parent=18"}],"wp:term":[{"taxonomy":"folder","embeddable":true,"href":"https:\/\/shf.se\/en\/wp-json\/wp\/v2\/folder?post=18"}],"curies":[{"name":"wp","href":"https:\/\/api.w.org\/{rel}","templated":true}]}}