{"id":191,"date":"2019-10-04T08:12:04","date_gmt":"2019-10-04T08:12:04","guid":{"rendered":"http:\/\/shf.se\/?page_id=191"},"modified":"2025-12-05T13:41:24","modified_gmt":"2025-12-05T13:41:24","slug":"arsmote","status":"publish","type":"page","link":"https:\/\/shf.se\/en\/arsmote\/","title":{"rendered":"Annual meeting"},"content":{"rendered":"<p class=\"has-large-font-size\"><strong>Svenska Havsforskningsf\u00f6reningen kallar till \u00e5rsm\u00f6te 19 november 2025 kl. 15:00 &#8211; 16:50, Konferenscentrum Wallenberg, G\u00f6teborg, Europasalen.<\/strong><\/p>\n\n\n\n<p><strong>All members are welcome! <\/strong><\/p>\n\n\n\n<p>Contact the board at <a href=\"\/en\/styrelsen@shf.se\/\">styrelsen@shf.se<\/a> should you have any questions.<\/p>\n\n\n\n<p class=\"has-large-font-size\"><strong>Documents (in Swedish)<\/strong><\/p>\n\n\n\n<p><a href=\"http:\/\/shf.se\/public_html\/wp-content\/uploads\/SHF_Arsmoete2025.pdf\">Protokoll \u00e5rsm\u00f6te 2024\/2025 G\u00f6teborg<\/a><\/p>\n\n\n\n<p><a href=\"http:\/\/shf.se\/public_html\/wp-content\/uploads\/Kallelse_SHF2025.pdf\">Kallelse och dagordning \u00e5rsm\u00f6te 2025<\/a><\/p>\n\n\n\n<p><a href=\"http:\/\/shf.se\/public_html\/wp-content\/uploads\/SHF2024_annualmeeting.pdf\">Protokoll \u00e5rsm\u00f6te 2023\/2024<\/a> Kalmar<\/p>\n\n\n\n<p><a href=\"http:\/\/shf.se\/public_html\/wp-content\/uploads\/SHF2024_annualmeeting.pdf\" data-type=\"link\" data-id=\"http:\/\/shf.se\/public_html\/wp-content\/uploads\/SHF2024_annualmeeting.pdf\">Verksamhetsber\u00e4ttelse 2023\/24<\/a><\/p>\n\n\n\n<p><a href=\"http:\/\/shf.se\/public_html\/wp-content\/uploads\/Kallelse_SHF2024.pdf\" data-type=\"link\" data-id=\"http:\/\/shf.se\/public_html\/wp-content\/uploads\/Kallelse_SHF2024.pdf\">Kallelse och dagordning \u00e5rsm\u00f6te 2023\/2024<\/a><\/p>\n\n\n\n<p><a href=\"http:\/\/shf.se\/public_html\/wp-content\/uploads\/arsmoete2023.pdf\" data-type=\"link\" data-id=\"http:\/\/shf.se\/public_html\/wp-content\/uploads\/arsmoete2023.pdf\"><strong>Protokoll \u00c5rsm\u00f6te 2022<\/strong><\/a>\/2023 Ume\u00e5<\/p>\n\n\n\n<p><a href=\"https:\/\/shf.se\/en\/dokument\/protokoll-2022-23\/\">Protokoll 2022\/23<\/a><\/p>\n\n\n\n<p><a href=\"http:\/\/shf.se\/public_html\/wp-content\/uploads\/Verksamhetsberattelse-2022-2023-SHF-final.pdf\">Verksamhetsber\u00e4ttelse 2022\/23<\/a><\/p>\n\n\n\n<p><a href=\"http:\/\/shf.se\/public_html\/wp-content\/uploads\/Kallelse-SHFs-arsmote-2023-V1-1.pdf\">Kallelse och dagordning 2022\/2023<\/a><\/p>\n\n\n\n<p><\/p>","protected":false},"excerpt":{"rendered":"<p>Svenska Havsforskningsf\u00f6reningen kallar till \u00e5rsm\u00f6te 19 november 2025 kl. 15:00 &#8211; 16:50, Konferenscentrum Wallenberg, G\u00f6teborg, Europasalen. Alla \u00e4r medlemmar \u00e4r<\/p>","protected":false},"author":1,"featured_media":0,"parent":0,"menu_order":0,"comment_status":"closed","ping_status":"closed","template":"","meta":{"colormag_page_container_layout":"default_layout","colormag_page_sidebar_layout":"default_layout","footnotes":""},"folder":[],"class_list":["post-191","page","type-page","status-publish","hentry"],"featured_image_src":null,"_links":{"self":[{"href":"https:\/\/shf.se\/en\/wp-json\/wp\/v2\/pages\/191","targetHints":{"allow":["GET"]}}],"collection":[{"href":"https:\/\/shf.se\/en\/wp-json\/wp\/v2\/pages"}],"about":[{"href":"https:\/\/shf.se\/en\/wp-json\/wp\/v2\/types\/page"}],"author":[{"embeddable":true,"href":"https:\/\/shf.se\/en\/wp-json\/wp\/v2\/users\/1"}],"replies":[{"embeddable":true,"href":"https:\/\/shf.se\/en\/wp-json\/wp\/v2\/comments?post=191"}],"version-history":[{"count":41,"href":"https:\/\/shf.se\/en\/wp-json\/wp\/v2\/pages\/191\/revisions"}],"predecessor-version":[{"id":2208,"href":"https:\/\/shf.se\/en\/wp-json\/wp\/v2\/pages\/191\/revisions\/2208"}],"wp:attachment":[{"href":"https:\/\/shf.se\/en\/wp-json\/wp\/v2\/media?parent=191"}],"wp:term":[{"taxonomy":"folder","embeddable":true,"href":"https:\/\/shf.se\/en\/wp-json\/wp\/v2\/folder?post=191"}],"curies":[{"name":"wp","href":"https:\/\/api.w.org\/{rel}","templated":true}]}}