{"id":2219,"date":"2026-03-31T16:07:54","date_gmt":"2026-03-31T16:07:54","guid":{"rendered":"https:\/\/shf.se\/?page_id=2219"},"modified":"2026-04-23T09:31:02","modified_gmt":"2026-04-23T09:31:02","slug":"nordisk-havsforskarmote-2026","status":"publish","type":"page","link":"https:\/\/shf.se\/en\/havsforskningsdagarna\/nordisk-havsforskarmote-2026\/","title":{"rendered":"Nordic Marine Science Meeting 2026"},"content":{"rendered":"\n<p class=\"has-text-align-center\"><img loading=\"lazy\" decoding=\"async\" width=\"400\" height=\"267\" class=\"wp-image-2356\" style=\"width: 400px;\" src=\"http:\/\/shf.se\/public_html\/wp-content\/uploads\/Logo5_long.png\" alt=\"\" srcset=\"https:\/\/shf.se\/public_html\/wp-content\/uploads\/Logo5_long.png 1536w, https:\/\/shf.se\/public_html\/wp-content\/uploads\/Logo5_long-300x200.png 300w, https:\/\/shf.se\/public_html\/wp-content\/uploads\/Logo5_long-1024x683.png 1024w, https:\/\/shf.se\/public_html\/wp-content\/uploads\/Logo5_long-150x100.png 150w, https:\/\/shf.se\/public_html\/wp-content\/uploads\/Logo5_long-768x512.png 768w, https:\/\/shf.se\/public_html\/wp-content\/uploads\/Logo5_long-18x12.png 18w\" sizes=\"auto, (max-width: 400px) 100vw, 400px\" \/><\/p>\n\n\n\n<div class=\"wp-block-group is-nowrap is-layout-flex wp-container-core-group-is-layout-6c531013 wp-block-group-is-layout-flex\">\n<p class=\"has-text-align-center has-white-color has-text-color has-background has-link-color has-x-large-font-size wp-elements-3f92ef94d1d8b9937ae9e3662615823a\" style=\"background:linear-gradient(0deg,rgb(6,147,227) 0%,rgb(81,185,224) 100%)\"><strong>Starkare tillsammans \u2013 nordiska marina vetenskaper under Ocean Decenniet<\/strong><\/p>\n<\/div>\n\n\n\n<p><\/p>\n\n\n\n<div class=\"wp-block-group is-nowrap is-layout-flex wp-container-core-group-is-layout-6c531013 wp-block-group-is-layout-flex\">\n<figure class=\"wp-block-gallery has-nested-images columns-default is-cropped wp-block-gallery-1 is-layout-flex wp-block-gallery-is-layout-flex\">\n<figure class=\"wp-block-image size-full is-resized\" style=\"margin-top:0;margin-right:0;margin-bottom:0;margin-left:0\"><img loading=\"lazy\" decoding=\"async\" width=\"300\" height=\"275\" data-id=\"2234\" src=\"http:\/\/shf.se\/public_html\/wp-content\/uploads\/NHF-ny-logo300.jpg\" alt=\"\" class=\"wp-image-2234\" style=\"width:250px\" srcset=\"https:\/\/shf.se\/public_html\/wp-content\/uploads\/NHF-ny-logo300.jpg 300w, https:\/\/shf.se\/public_html\/wp-content\/uploads\/NHF-ny-logo300-150x138.jpg 150w, https:\/\/shf.se\/public_html\/wp-content\/uploads\/NHF-ny-logo300-13x12.jpg 13w\" sizes=\"auto, (max-width: 300px) 100vw, 300px\" \/><\/figure>\n<\/figure>\n\n\n\n<figure class=\"wp-block-image aligncenter size-full is-resized\"><img loading=\"lazy\" decoding=\"async\" width=\"1000\" height=\"200\" src=\"http:\/\/shf.se\/public_html\/wp-content\/uploads\/shf_logo.jpg\" alt=\"\" class=\"wp-image-666\" style=\"width:550px;height:auto\" srcset=\"https:\/\/shf.se\/public_html\/wp-content\/uploads\/shf_logo.jpg 1000w, https:\/\/shf.se\/public_html\/wp-content\/uploads\/shf_logo-300x60.jpg 300w, https:\/\/shf.se\/public_html\/wp-content\/uploads\/shf_logo-150x30.jpg 150w, https:\/\/shf.se\/public_html\/wp-content\/uploads\/shf_logo-768x154.jpg 768w, https:\/\/shf.se\/public_html\/wp-content\/uploads\/shf_logo-16x3.jpg 16w\" sizes=\"auto, (max-width: 1000px) 100vw, 1000px\" \/><\/figure>\n<\/div>\n\n\n\n<figure class=\"wp-block-image aligncenter size-full is-resized\"><img loading=\"lazy\" decoding=\"async\" width=\"852\" height=\"609\" src=\"http:\/\/shf.se\/public_html\/wp-content\/uploads\/ENGLISH_COLOUR_BLUE_BLACK-01.jpg\" alt=\"\" class=\"wp-image-2308\" style=\"aspect-ratio:1.3990304859311475;width:245px;height:auto\" srcset=\"https:\/\/shf.se\/public_html\/wp-content\/uploads\/ENGLISH_COLOUR_BLUE_BLACK-01.jpg 852w, https:\/\/shf.se\/public_html\/wp-content\/uploads\/ENGLISH_COLOUR_BLUE_BLACK-01-300x214.jpg 300w, https:\/\/shf.se\/public_html\/wp-content\/uploads\/ENGLISH_COLOUR_BLUE_BLACK-01-150x107.jpg 150w, https:\/\/shf.se\/public_html\/wp-content\/uploads\/ENGLISH_COLOUR_BLUE_BLACK-01-768x549.jpg 768w, https:\/\/shf.se\/public_html\/wp-content\/uploads\/ENGLISH_COLOUR_BLUE_BLACK-01-18x12.jpg 18w\" sizes=\"auto, (max-width: 852px) 100vw, 852px\" \/><\/figure>\n\n\n\n<p class=\"has-text-align-center has-large-font-size\">Tid: 24 &#8211; 26 November 2026<\/p>\n\n\n\n<p class=\"has-text-align-center has-large-font-size\">Plats: Aula Magna, Stockholms Universitet<\/p>\n\n\n\n<p class=\"has-text-align-left has-medium-font-size\">Svenska Havsforskningsf\u00f6reningen och Norsk Havsforskerf\u00f6reningen v\u00e4lkomnar alla som \u00e4r engagerade och intresserade av marina vetenskaper, f\u00f6rvaltning och milj\u00f6\u00f6vervakning till denna konferens om HAVET ! M\u00f6tet fokuserar p\u00e5 aktuella aspekter av forskning, f\u00f6rvaltning och milj\u00f6\u00f6vervakning i marina system. Ut\u00f6ver muntliga presentationer och posterpresentationer kommer det finnas utrymme f\u00f6r n\u00e4tverkande och kontaktskapande.<\/p>\n\n\n\n<p class=\"has-white-color has-text-color has-background has-link-color has-x-large-font-size wp-elements-aa0548c12fffd3efb7f959662b7e2f4d\" style=\"background-color:#476f77\"><strong>Program och abstracts<\/strong><\/p>\n\n\n\n<p class=\"has-white-color has-text-color has-background\" style=\"background-color:#476f77\"><strong>G\u00e4sttalare<\/strong><\/p>\n\n\n\n<div class=\"wp-block-media-text is-stacked-on-mobile is-vertically-aligned-top\" style=\"grid-template-columns:20% auto\"><figure class=\"wp-block-media-text__media\"><img loading=\"lazy\" decoding=\"async\" width=\"1024\" height=\"683\" src=\"http:\/\/shf.se\/public_html\/wp-content\/uploads\/Logo5_long-1024x683.png\" alt=\"\" class=\"wp-image-2356 size-full\" srcset=\"https:\/\/shf.se\/public_html\/wp-content\/uploads\/Logo5_long-1024x683.png 1024w, https:\/\/shf.se\/public_html\/wp-content\/uploads\/Logo5_long-300x200.png 300w, https:\/\/shf.se\/public_html\/wp-content\/uploads\/Logo5_long-150x100.png 150w, https:\/\/shf.se\/public_html\/wp-content\/uploads\/Logo5_long-768x512.png 768w, https:\/\/shf.se\/public_html\/wp-content\/uploads\/Logo5_long-18x12.png 18w, https:\/\/shf.se\/public_html\/wp-content\/uploads\/Logo5_long.png 1536w\" sizes=\"auto, (max-width: 1024px) 100vw, 1024px\" \/><\/figure><div class=\"wp-block-media-text__content\">\n<p><strong>Coming<\/strong><\/p>\n\n\n\n<p><strong>Institutionen<\/strong><\/p>\n\n\n\n<p><strong>Titel<\/strong><\/p>\n\n\n\n<p>Abstract<br><\/p>\n<\/div><\/div>\n\n\n\n<p><\/p>\n\n\n\n<p class=\"has-luminous-vivid-amber-color has-text-color has-background has-link-color wp-elements-e6197c7e051e6b49b1e1523bc9bb3973\" style=\"background-color:#476f77\"><strong>Abstract submission st\u00e4ngs September 1, 2026<\/strong><\/p>\n\n\n\n<p><strong>Vi vill uppmuntra inl\u00e4mning av abstrakt f\u00f6r muntliga presentationer eller posterbidrag .<\/strong> Inl\u00e4mningsprocessen hanteras via registreringsportalen nedan. Inkomna bidrag kommer att tematiskt organiseras inom ramen f\u00f6r konferensens sessionsprogram eller, om inneh\u00e5llet bed\u00f6ms ligga utanf\u00f6r sessionernas \u00e4mnesomr\u00e5de, presenteras som frist\u00e5ende inslag (se program nedan). Beroende p\u00e5 antalet inkomna abstrakt (muntliga respektive posterbidrag) kan styrelsen beh\u00f6va g\u00f6ra en prioritering. Abstrakt fr\u00e5n studenter p\u00e5 avancerad niv\u00e5 (master) och forskarniv\u00e5 (doktorand), liksom fr\u00e5n forskare i b\u00f6rjan av sin akademiska karri\u00e4r (postdoktorer), kommer att ges s\u00e4rskild prioritet. Besked om antagning l\u00e4mnas senast den 31 oktober.<\/p>\n\n\n\n<p><br><strong>Generella riktlinjer<\/strong><br>Abstract: 2000 tecken inklusive mellanslag<br>Presentation: 12 min + 3 min f\u00f6r fr\u00e5gor och diskussion, f\u00f6r g\u00e4sttalare 25 min + 5 min<br>Poster: Storlek A0 (841 x 1189 mm)<\/p>\n\n\n\n<p class=\"has-white-color has-text-color has-background\" style=\"background-color:#476f77\">Plats<\/p>\n\n\n\n<p>Konferenslokalen \u00e4r Aula Magna (<a href=\"http:\/\/shf.se\/public_html\/wp-content\/uploads\/frescati.webp\" data-type=\"link\" data-id=\"http:\/\/shf.se\/public_html\/wp-content\/uploads\/frescati.webp\">l\u00e4nk till campuskarta<\/a>) p\u00e5 Stockholm Universitetets Campus. Ut\u00f6ver keynote-f\u00f6rel\u00e4sningar, muntliga presentationer och posterbidrag kommer det att finnas utrymme f\u00f6r n\u00e4tverkande under pauserna.<\/p>\n\n\n\n<p class=\"has-white-color has-text-color has-background\" style=\"background-color:#476f77\"><strong>Konferensmiddag<\/strong><\/p>\n\n\n\n<p>Konferensmiddagen h\u00e5lls den 25 november. Kostnaden f\u00f6r middagen \u00e4r 750 SEK. V\u00e4nligen anm\u00e4l dig till konferensmiddagen i samband med din konferensregistrering.<\/p>\n\n\n\n<p class=\"has-white-color has-text-color has-background\" style=\"background-color:#476f77\"><strong>Dyrssenpriset<\/strong><\/p>\n\n\n\n<p>Svenska Havsforskningsf\u00f6reningen delar \u00e5rligen ut Dyrssenpriset f\u00f6r de tv\u00e5 b\u00e4sta nominerade examensarbetena i marinvetenskap p\u00e5 master\u00adniv\u00e5. F\u00f6rstapriset \u00e4r 10 000 SEK och andrapriset 5 000 SEK. Priset har instiftats av SHF till minne av David Dyrssen (1922\u20132011), emeritusprofessor i analytisk kemi vid G\u00f6teborgs universitet. Som en av f\u00f6reningens grundare \u00e4gnade han sin karri\u00e4r \u00e5t att aktivt fr\u00e4mja tv\u00e4rvetenskaplig forskning inom marinvetenskap. \u00c5rets pristagare \u00e4r Sarah Verhoeven, G\u00f6teborgs Universitet, och Johannes Till, Lunds Universitet. Prisutdelningen och presentationer av pristagaren \u00e4ger rum den 19 november.<\/p>\n\n\n\n<p class=\"has-white-color has-text-color has-background\" style=\"background-color:#476f77\"><strong>\u00c5rsm\u00f6te<\/strong><\/p>\n\n\n\n<p>Svenska Havsforskningsf\u00f6reningen \u00e4r en politiskt obunden och ideell organisation. F\u00f6reningens \u00e5rsm\u00f6te h\u00e5lls den 25 november kl. 15:00 som en del av konferensen. Norska Havsforskerf\u00f6rening kommer ocks\u00e5 h\u00e5lla sitt \u00e5rsm\u00f6te vid samma tid. Observera att \u00e5rsm\u00f6tet kommer att h\u00e5llas p\u00e5 svenska. F\u00f6r mer information och dokument, se <em><a href=\"https:\/\/shf.se\/om-oss\/\" data-type=\"link\" data-id=\"https:\/\/shf.se\/om-oss\/\">Om oss<\/a><\/em> i huvudmenyn.<\/p>\n\n\n\n<p class=\"has-white-color has-text-color has-background\" style=\"background-color:#476f77\">Konferensbidrag<\/p>\n\n\n\n<p>Registrering till konferensen omfattar tillg\u00e5ng till presentationer och postersessionen. Registrering kr\u00e4ver medlemskap i Svenska Havsforskningsf\u00f6reningen. Konferensavgiften inkluderar mingel (tisdag), fika och luncher (onsdag och torsdag). S\u00e4rskild anm\u00e4lan kr\u00e4vs f\u00f6r konferensmiddagen (onsdag). Konferensavgiften t\u00e4cker inte resekostnader eller kostnader f\u00f6r boende. Ett begr\u00e4nsat antal resebidrag (upp till 5 000 SEK f\u00f6r resa, boende och konferensavgift) finns tillg\u00e4ngliga f\u00f6r studenter och forskare i b\u00f6rjan av karri\u00e4ren.<\/p>\n\n\n\n<p>Konferensbidrag f\u00f6r deltagare fr\u00e5n offentliga svenska institutioner: 2500 SEK<\/p>\n\n\n\n<p>Konferensbidrag f\u00f6r utl\u00e4ndska deltagare och deltagare fr\u00e5n icke-offentliga institutioner och f\u00f6retag 2500 SEK <br>Konferensmiddag: 750 SEK [optional]<br><\/p>\n\n\n\n<p class=\"has-white-color has-text-color has-background\" style=\"background-color:#aba9a9\"><strong>H\u00e4r \u00e4r l\u00e4nkarna till v\u00e5ra olika registreringskategorier. V\u00e4lja den som passar din institution och ursprungsland<\/strong>. Deadline f\u00f6r registrering \u00e4r den 1 September 2026.<\/p>\n\n\n\n<ul class=\"wp-block-list\">\n<li><\/li>\n<\/ul>\n\n\n\n<p> <strong>Varmt v\u00e4lkommen!<\/strong><\/p>\n\n\n\n<p>Styrelsen Svenska Havsforskningf\u00f6rening<br>(styrelsen@shf.se)<\/p>\n\n\n\n<p class=\"has-text-align-center has-large-font-size\"><\/p>\n\n\n\n<figure class=\"wp-block-image size-full is-resized\"><img loading=\"lazy\" decoding=\"async\" width=\"1000\" height=\"200\" src=\"https:\/\/shf.se\/public_html\/wp-content\/uploads\/shf_logo.jpg\" alt=\"\" class=\"wp-image-666\" style=\"aspect-ratio:5;width:1139px;height:auto\" srcset=\"https:\/\/shf.se\/public_html\/wp-content\/uploads\/shf_logo.jpg 1000w, https:\/\/shf.se\/public_html\/wp-content\/uploads\/shf_logo-300x60.jpg 300w, https:\/\/shf.se\/public_html\/wp-content\/uploads\/shf_logo-150x30.jpg 150w, https:\/\/shf.se\/public_html\/wp-content\/uploads\/shf_logo-768x154.jpg 768w, https:\/\/shf.se\/public_html\/wp-content\/uploads\/shf_logo-16x3.jpg 16w\" sizes=\"auto, (max-width: 1000px) 100vw, 1000px\" \/><\/figure>\n\n\n\n<p class=\"has-text-align-center has-large-font-size\"><\/p>\n","protected":false},"excerpt":{"rendered":"<p>Starkare tillsammans \u2013 nordiska marina vetenskaper under Ocean Decenniet Tid: 24 &#8211; 26 November 2026 Plats: Aula Magna, Stockholms Universitet<\/p>","protected":false},"author":1,"featured_media":0,"parent":18,"menu_order":0,"comment_status":"closed","ping_status":"closed","template":"","meta":{"colormag_page_container_layout":"default_layout","colormag_page_sidebar_layout":"default_layout","footnotes":""},"folder":[],"class_list":["post-2219","page","type-page","status-publish","hentry"],"featured_image_src":null,"_links":{"self":[{"href":"https:\/\/shf.se\/en\/wp-json\/wp\/v2\/pages\/2219","targetHints":{"allow":["GET"]}}],"collection":[{"href":"https:\/\/shf.se\/en\/wp-json\/wp\/v2\/pages"}],"about":[{"href":"https:\/\/shf.se\/en\/wp-json\/wp\/v2\/types\/page"}],"author":[{"embeddable":true,"href":"https:\/\/shf.se\/en\/wp-json\/wp\/v2\/users\/1"}],"replies":[{"embeddable":true,"href":"https:\/\/shf.se\/en\/wp-json\/wp\/v2\/comments?post=2219"}],"version-history":[{"count":35,"href":"https:\/\/shf.se\/en\/wp-json\/wp\/v2\/pages\/2219\/revisions"}],"predecessor-version":[{"id":2374,"href":"https:\/\/shf.se\/en\/wp-json\/wp\/v2\/pages\/2219\/revisions\/2374"}],"up":[{"embeddable":true,"href":"https:\/\/shf.se\/en\/wp-json\/wp\/v2\/pages\/18"}],"wp:attachment":[{"href":"https:\/\/shf.se\/en\/wp-json\/wp\/v2\/media?parent=2219"}],"wp:term":[{"taxonomy":"folder","embeddable":true,"href":"https:\/\/shf.se\/en\/wp-json\/wp\/v2\/folder?post=2219"}],"curies":[{"name":"wp","href":"https:\/\/api.w.org\/{rel}","templated":true}]}}