{"id":2343,"date":"2026-04-22T11:20:52","date_gmt":"2026-04-22T11:20:52","guid":{"rendered":"https:\/\/shf.se\/?page_id=2343"},"modified":"2026-04-22T15:01:50","modified_gmt":"2026-04-22T15:01:50","slug":"hedersordforande","status":"publish","type":"page","link":"https:\/\/shf.se\/en\/hedersordforande\/","title":{"rendered":"Honorary chair"},"content":{"rendered":"<p>Honorary chairs of the Swedish Society for Marine Sciences are appointed by the members of the society during the annual meetings. With the appointment the society expresses their appreciation for their significant engagement in promoting the society's long-term development.  The honorary chairs have through their work made a significant impact to represent the society and its values to deserve special recognition. An honorary chair can take on appointments such as the chairing of the annual meeting of the society and assists in the selection of the Dyrssen awards.<\/p>\n\n\n\n<p><\/p>\n\n\n\n<p class=\"has-cm-color-2-color has-text-color has-link-color has-medium-font-size wp-elements-0e14b3bebb908465558a5141a88bdc17\"><strong>Our honorary chairs<\/strong><\/p>\n\n\n\n<p><strong>2021<\/strong><\/p>\n\n\n\n<p style=\"line-height:1\">Edna Graneli<\/p>\n\n\n\n<p style=\"line-height:1\">Lena Kautsky<\/p>\n\n\n\n<p style=\"line-height:1\">David Turner<\/p>\n\n\n\n<p style=\"line-height:1\">Johan Wikner<\/p>\n\n\n\n<p><\/p>\n\n\n\n<p><strong>2023<\/strong><\/p>\n\n\n\n<p style=\"line-height:1\">Elin Almroth Rosell<\/p>\n\n\n\n<p style=\"line-height:1\">Jenny Ask<\/p>\n\n\n\n<p><\/p>\n\n\n\n<p><strong>2025<\/strong><\/p>\n\n\n\n<p style=\"line-height:1\">Stefan Hulth<\/p>\n\n\n\n<p style=\"line-height:1\">Adam Ulfsbo<\/p>","protected":false},"excerpt":{"rendered":"<p>Hedersordf\u00f6rande av Svenska Havsf\u00f6rskningsf\u00f6reningen utn\u00e4mns av f\u00f6reningens medlemmar vid \u00e5rsm\u00f6tena. Genom utn\u00e4mningen uttrycker f\u00f6reningen sin uppskattning f\u00f6r deras betydande engagemang<\/p>","protected":false},"author":1,"featured_media":0,"parent":0,"menu_order":0,"comment_status":"closed","ping_status":"closed","template":"","meta":{"colormag_page_container_layout":"default_layout","colormag_page_sidebar_layout":"default_layout","footnotes":""},"folder":[],"class_list":["post-2343","page","type-page","status-publish","hentry"],"featured_image_src":null,"_links":{"self":[{"href":"https:\/\/shf.se\/en\/wp-json\/wp\/v2\/pages\/2343","targetHints":{"allow":["GET"]}}],"collection":[{"href":"https:\/\/shf.se\/en\/wp-json\/wp\/v2\/pages"}],"about":[{"href":"https:\/\/shf.se\/en\/wp-json\/wp\/v2\/types\/page"}],"author":[{"embeddable":true,"href":"https:\/\/shf.se\/en\/wp-json\/wp\/v2\/users\/1"}],"replies":[{"embeddable":true,"href":"https:\/\/shf.se\/en\/wp-json\/wp\/v2\/comments?post=2343"}],"version-history":[{"count":9,"href":"https:\/\/shf.se\/en\/wp-json\/wp\/v2\/pages\/2343\/revisions"}],"predecessor-version":[{"id":2367,"href":"https:\/\/shf.se\/en\/wp-json\/wp\/v2\/pages\/2343\/revisions\/2367"}],"wp:attachment":[{"href":"https:\/\/shf.se\/en\/wp-json\/wp\/v2\/media?parent=2343"}],"wp:term":[{"taxonomy":"folder","embeddable":true,"href":"https:\/\/shf.se\/en\/wp-json\/wp\/v2\/folder?post=2343"}],"curies":[{"name":"wp","href":"https:\/\/api.w.org\/{rel}","templated":true}]}}