{"id":251,"date":"2020-05-08T09:05:10","date_gmt":"2020-05-08T09:05:10","guid":{"rendered":"http:\/\/shf.se\/?page_id=251"},"modified":"2020-12-02T07:21:37","modified_gmt":"2020-12-02T07:21:37","slug":"dyrssen-award-2020","status":"publish","type":"page","link":"https:\/\/shf.se\/en\/dyrssenpriset\/dyrssen-award-2020\/","title":{"rendered":"Dyrssen Award 2020"},"content":{"rendered":"<p>The Swedish Society for Marine Sciences are very happy to announce that the <strong>Dyrssen Award 2020<\/strong> for best Master's Theses within Marine Sciences go to:<\/p>\n\n\n\n<p><strong>Adele Maciute <\/strong>(1st prize) for the thesis <em>Oxygen respiration rates by aquatic nematodes<\/em>.<\/p>\n\n\n\n<div class=\"wp-block-image is-style-rounded\"><figure class=\"aligncenter size-medium is-resized\"><img loading=\"lazy\" decoding=\"async\" src=\"https:\/\/shf.se\/public_html\/wp-content\/uploads\/Maciute-300x293.png\" alt=\"\" class=\"wp-image-345\" width=\"253\" height=\"247\" srcset=\"https:\/\/shf.se\/public_html\/wp-content\/uploads\/Maciute-300x293.png 300w, https:\/\/shf.se\/public_html\/wp-content\/uploads\/Maciute-1024x1001.png 1024w, https:\/\/shf.se\/public_html\/wp-content\/uploads\/Maciute-150x147.png 150w, https:\/\/shf.se\/public_html\/wp-content\/uploads\/Maciute-768x751.png 768w, https:\/\/shf.se\/public_html\/wp-content\/uploads\/Maciute-12x12.png 12w, https:\/\/shf.se\/public_html\/wp-content\/uploads\/Maciute-573x560.png 573w, https:\/\/shf.se\/public_html\/wp-content\/uploads\/Maciute.png 1160w\" sizes=\"auto, (max-width: 253px) 100vw, 253px\" \/><\/figure><\/div>\n\n\n\n<p><strong>Monica Tenorio de Figueiredo Gabell<\/strong> (2nd prize) for the thesis <em>Seasonal changes in habitat use by fishes within a shallow tropical seascape<\/em>.<\/p>\n\n\n\n<div class=\"wp-block-group\"><div class=\"wp-block-group__inner-container is-layout-flow wp-block-group-is-layout-flow\">\n<div class=\"wp-block-image is-style-rounded\"><figure class=\"aligncenter size-large is-resized\"><img loading=\"lazy\" decoding=\"async\" src=\"https:\/\/shf.se\/public_html\/wp-content\/uploads\/Gabell-1024x1001.png\" alt=\"\" class=\"wp-image-346\" width=\"240\" height=\"234\" srcset=\"https:\/\/shf.se\/public_html\/wp-content\/uploads\/Gabell-1024x1001.png 1024w, https:\/\/shf.se\/public_html\/wp-content\/uploads\/Gabell-300x293.png 300w, https:\/\/shf.se\/public_html\/wp-content\/uploads\/Gabell-150x147.png 150w, https:\/\/shf.se\/public_html\/wp-content\/uploads\/Gabell-768x751.png 768w, https:\/\/shf.se\/public_html\/wp-content\/uploads\/Gabell-12x12.png 12w, https:\/\/shf.se\/public_html\/wp-content\/uploads\/Gabell-573x560.png 573w, https:\/\/shf.se\/public_html\/wp-content\/uploads\/Gabell.png 1160w\" sizes=\"auto, (max-width: 240px) 100vw, 240px\" \/><\/figure><\/div>\n<\/div><\/div>\n\n\n\n<p><\/p>\n\n\n\n<p>The evaluation of this year's nominated theses was particularly difficult as all dissertations were very interesting, well written and were of generally high quality. The Swedish Society for Marine Sciences is therefore also very happy to award honorary mentions to:<\/p>\n\n\n\n<p><strong>Emelie Rietz<\/strong> (honorary mention) for the thesis <em>Evaluation of Sentinel-2 and RapidEye imagery for measurements of submerged aquatic vegetation.<\/em><\/p>\n\n\n\n<div class=\"wp-block-image is-style-rounded\"><figure class=\"aligncenter size-medium\"><img loading=\"lazy\" decoding=\"async\" width=\"225\" height=\"300\" src=\"https:\/\/shf.se\/public_html\/wp-content\/uploads\/Emelie-Rietz-1-225x300.jpg\" alt=\"\" class=\"wp-image-354\" srcset=\"https:\/\/shf.se\/public_html\/wp-content\/uploads\/Emelie-Rietz-1-225x300.jpg 225w, https:\/\/shf.se\/public_html\/wp-content\/uploads\/Emelie-Rietz-1-768x1024.jpg 768w, https:\/\/shf.se\/public_html\/wp-content\/uploads\/Emelie-Rietz-1-113x150.jpg 113w, https:\/\/shf.se\/public_html\/wp-content\/uploads\/Emelie-Rietz-1-9x12.jpg 9w, https:\/\/shf.se\/public_html\/wp-content\/uploads\/Emelie-Rietz-1-420x560.jpg 420w, https:\/\/shf.se\/public_html\/wp-content\/uploads\/Emelie-Rietz-1-rotated.jpg 960w\" sizes=\"auto, (max-width: 225px) 100vw, 225px\" \/><\/figure><\/div>\n\n\n\n<p><strong>Anna Lunde Hermansson<\/strong> (honorary mention) for the thesis <em>Solubility of calcium carbonate &#8211; Development of methods to measure dissolution of CaCO<sub>3<\/sub> minerals<\/em>.<\/p>\n\n\n\n<div class=\"wp-block-image is-style-rounded\"><figure class=\"aligncenter size-medium\"><img loading=\"lazy\" decoding=\"async\" width=\"277\" height=\"300\" src=\"https:\/\/shf.se\/public_html\/wp-content\/uploads\/Anna-Lunde-Hermansson-277x300.png\" alt=\"\" class=\"wp-image-355\" srcset=\"https:\/\/shf.se\/public_html\/wp-content\/uploads\/Anna-Lunde-Hermansson-277x300.png 277w, https:\/\/shf.se\/public_html\/wp-content\/uploads\/Anna-Lunde-Hermansson-946x1024.png 946w, https:\/\/shf.se\/public_html\/wp-content\/uploads\/Anna-Lunde-Hermansson-139x150.png 139w, https:\/\/shf.se\/public_html\/wp-content\/uploads\/Anna-Lunde-Hermansson-768x832.png 768w, https:\/\/shf.se\/public_html\/wp-content\/uploads\/Anna-Lunde-Hermansson-11x12.png 11w, https:\/\/shf.se\/public_html\/wp-content\/uploads\/Anna-Lunde-Hermansson-517x560.png 517w, https:\/\/shf.se\/public_html\/wp-content\/uploads\/Anna-Lunde-Hermansson.png 1207w\" sizes=\"auto, (max-width: 277px) 100vw, 277px\" \/><\/figure><\/div>\n\n\n\n<p><\/p>\n\n\n\n<p><strong>The Dyrssen Award<\/strong><\/p>\n\n\n\n<p>The Dyrssen award was initiated by the SHF in honor of David Dyrssen (1922 - 2011), emeritus professor of analytical chemistry at the University of Gothenburg. As one of the founding members of the Swedish Society for Marine Sciences, he spent his career being an active proponent for the promotion of trans-disciplinary research for the marine sciences.<\/p>\n\n\n\n<p>Master science theses in the marine field approved between July 1st 2019 and June 30th 2020 are eligible for the 2020 Dyrssen award. The project must be within a marine science discipline and be examined at a university in Sweden. The Swedish Society for Marine Sciences (SHF) manages and appoints an annual winner of the Dyrssen Award. The award is given to authors of the two best master science theses in the marine field. The award is 10 000 SEKfor the best thesis and 5 000 SEK for the second best thesis. The Awards are presented during the Society's annual meeting.<\/p>\n\n\n\n<p><\/p>\n\n\n\n<p><\/p>\n\n\n\n<hr class=\"wp-block-separator\"\/>\n\n\n\n<p><\/p>","protected":false},"excerpt":{"rendered":"<p>Svenska Havsforskningsf\u00f6reningen \u00e4r mycket glada att kunna meddela att Dyrssenpriset 2020 f\u00f6r b\u00e4sta avhandling inom marina vetenskaper p\u00e5 masterniv\u00e5 g\u00e5r<\/p>","protected":false},"author":1,"featured_media":0,"parent":47,"menu_order":0,"comment_status":"closed","ping_status":"closed","template":"","meta":{"colormag_page_container_layout":"default_layout","colormag_page_sidebar_layout":"default_layout","footnotes":""},"folder":[],"class_list":["post-251","page","type-page","status-publish","hentry"],"featured_image_src":null,"_links":{"self":[{"href":"https:\/\/shf.se\/en\/wp-json\/wp\/v2\/pages\/251","targetHints":{"allow":["GET"]}}],"collection":[{"href":"https:\/\/shf.se\/en\/wp-json\/wp\/v2\/pages"}],"about":[{"href":"https:\/\/shf.se\/en\/wp-json\/wp\/v2\/types\/page"}],"author":[{"embeddable":true,"href":"https:\/\/shf.se\/en\/wp-json\/wp\/v2\/users\/1"}],"replies":[{"embeddable":true,"href":"https:\/\/shf.se\/en\/wp-json\/wp\/v2\/comments?post=251"}],"version-history":[{"count":12,"href":"https:\/\/shf.se\/en\/wp-json\/wp\/v2\/pages\/251\/revisions"}],"predecessor-version":[{"id":359,"href":"https:\/\/shf.se\/en\/wp-json\/wp\/v2\/pages\/251\/revisions\/359"}],"up":[{"embeddable":true,"href":"https:\/\/shf.se\/en\/wp-json\/wp\/v2\/pages\/47"}],"wp:attachment":[{"href":"https:\/\/shf.se\/en\/wp-json\/wp\/v2\/media?parent=251"}],"wp:term":[{"taxonomy":"folder","embeddable":true,"href":"https:\/\/shf.se\/en\/wp-json\/wp\/v2\/folder?post=251"}],"curies":[{"name":"wp","href":"https:\/\/api.w.org\/{rel}","templated":true}]}}