{"id":319,"date":"2020-11-10T13:16:14","date_gmt":"2020-11-10T13:16:14","guid":{"rendered":"http:\/\/shf.se\/?page_id=319"},"modified":"2021-11-02T20:06:13","modified_gmt":"2021-11-02T20:06:13","slug":"protokoll-2019-20","status":"publish","type":"page","link":"https:\/\/shf.se\/en\/dokument\/protokoll-2019-20\/","title":{"rendered":"Protokoll 2019\/20"},"content":{"rendered":"<p><a href=\"http:\/\/shf.se\/public_html\/wp-content\/uploads\/20191004-Protokoll-SHF-styrelsemote.pdf\">20191004 Protokoll SHF styrelsem\u00f6te<\/a><\/p>\n\n\n\n<p><a href=\"http:\/\/shf.se\/public_html\/wp-content\/uploads\/20191010-Protokoll-SHF-styrelsemote.pdf\">20191010 Protokoll SHF styrelsem\u00f6te<\/a><\/p>\n\n\n\n<p><a href=\"http:\/\/shf.se\/public_html\/wp-content\/uploads\/20191112_Protokoll_arsmote.pdf\">20191112 Protokoll \u00e5rsm\u00f6te<\/a> | <a href=\"http:\/\/shf.se\/public_html\/wp-content\/uploads\/2019_Dagordning_SHF_arsmote.pdf\">Dagordning <\/a>| <a href=\"http:\/\/shf.se\/public_html\/wp-content\/uploads\/2019_arsberattelse.pdf\">\u00c5rsber\u00e4ttelse<\/a> | <\/p>\n\n\n\n<p>Bilagor till \u00e5rsm\u00f6tesprotokoll: <a href=\"http:\/\/shf.se\/public_html\/wp-content\/uploads\/Bokslut_2018-2019_underskriven.pdf\">Bilaga 1<\/a> (bokslut) | Bilaga 2 (revisionsber\u00e4ttelse) | <a href=\"http:\/\/shf.se\/public_html\/wp-content\/uploads\/Bokslut_2018-2019_reviderad_underskriven.pdf\">Bilaga 3<\/a> (reviderat bokslut)<\/p>\n\n\n\n<p><a href=\"http:\/\/shf.se\/public_html\/wp-content\/uploads\/20191129-Protokoll-SHF-konstituerande.pdf\">20191129 Protokoll SHF konstituerande<\/a><\/p>\n\n\n\n<p><a href=\"http:\/\/shf.se\/public_html\/wp-content\/uploads\/20200107-Protokoll-SHF-styrelsemote.pdf\">20200107 Protokoll SHF styrelsem\u00f6te<\/a><\/p>\n\n\n\n<p><a href=\"http:\/\/shf.se\/public_html\/wp-content\/uploads\/20200421-Protokoll-SHF-styrelsemote.pdf\">20200421 Protokoll SHF styrelsem\u00f6te<\/a><\/p>\n\n\n\n<p><a href=\"http:\/\/shf.se\/public_html\/wp-content\/uploads\/20200504-Protokoll-SHF-styrelsemote.pdf\">20200504 Protokoll SHF styrelsem\u00f6te<\/a><\/p>\n\n\n\n<p><a href=\"http:\/\/shf.se\/public_html\/wp-content\/uploads\/20200525-Protokoll-SHF-styrelsemote.pdf\">20200525 Protokoll SHF styrelsem\u00f6te<\/a><\/p>\n\n\n\n<p><a href=\"http:\/\/shf.se\/public_html\/wp-content\/uploads\/20200622-Protokoll-SHF-styrelsemote.pdf\">20200622 Protokoll SHF styrelsem\u00f6te<\/a><\/p>\n\n\n\n<p><a href=\"http:\/\/shf.se\/public_html\/wp-content\/uploads\/20200817-Protokoll-SHF-styrelsemote.pdf\" data-type=\"URL\" data-id=\"http:\/\/shf.se\/public_html\/wp-content\/uploads\/20200817-Protokoll-SHF-styrelsemote.pdf\">20200817 Protokoll SHF styrelsem\u00f6te<\/a><\/p>\n\n\n\n<p><\/p>","protected":false},"excerpt":{"rendered":"<p>20191004 Protokoll SHF styrelsem\u00f6te 20191010 Protokoll SHF styrelsem\u00f6te 20191112 Protokoll \u00e5rsm\u00f6te | Dagordning | \u00c5rsber\u00e4ttelse | Bilagor till \u00e5rsm\u00f6tesprotokoll: Bilaga<\/p>","protected":false},"author":1,"featured_media":0,"parent":65,"menu_order":0,"comment_status":"closed","ping_status":"closed","template":"","meta":{"colormag_page_container_layout":"default_layout","colormag_page_sidebar_layout":"default_layout","footnotes":""},"folder":[],"class_list":["post-319","page","type-page","status-publish","hentry"],"featured_image_src":null,"_links":{"self":[{"href":"https:\/\/shf.se\/en\/wp-json\/wp\/v2\/pages\/319","targetHints":{"allow":["GET"]}}],"collection":[{"href":"https:\/\/shf.se\/en\/wp-json\/wp\/v2\/pages"}],"about":[{"href":"https:\/\/shf.se\/en\/wp-json\/wp\/v2\/types\/page"}],"author":[{"embeddable":true,"href":"https:\/\/shf.se\/en\/wp-json\/wp\/v2\/users\/1"}],"replies":[{"embeddable":true,"href":"https:\/\/shf.se\/en\/wp-json\/wp\/v2\/comments?post=319"}],"version-history":[{"count":10,"href":"https:\/\/shf.se\/en\/wp-json\/wp\/v2\/pages\/319\/revisions"}],"predecessor-version":[{"id":818,"href":"https:\/\/shf.se\/en\/wp-json\/wp\/v2\/pages\/319\/revisions\/818"}],"up":[{"embeddable":true,"href":"https:\/\/shf.se\/en\/wp-json\/wp\/v2\/pages\/65"}],"wp:attachment":[{"href":"https:\/\/shf.se\/en\/wp-json\/wp\/v2\/media?parent=319"}],"wp:term":[{"taxonomy":"folder","embeddable":true,"href":"https:\/\/shf.se\/en\/wp-json\/wp\/v2\/folder?post=319"}],"curies":[{"name":"wp","href":"https:\/\/api.w.org\/{rel}","templated":true}]}}