{"id":397,"date":"2021-01-13T07:52:12","date_gmt":"2021-01-13T07:52:12","guid":{"rendered":"http:\/\/shf.se\/?page_id=397"},"modified":"2021-11-19T12:20:57","modified_gmt":"2021-11-19T12:20:57","slug":"protokoll-2020-21","status":"publish","type":"page","link":"https:\/\/shf.se\/en\/dokument\/protokoll-2020-21\/","title":{"rendered":"Protokoll 2020\/21"},"content":{"rendered":"<p><a href=\"http:\/\/shf.se\/public_html\/wp-content\/uploads\/20200916-Protokoll-SHF-styrelsemote.pdf\" target=\"_blank\" rel=\"noreferrer noopener\">20200916 Protokoll SHF styrelsem\u00f6te<\/a><\/p>\n\n\n\n<p><a href=\"http:\/\/shf.se\/public_html\/wp-content\/uploads\/20201015-Protokoll-SHF-styrelsemote.pdf\" target=\"_blank\" rel=\"noreferrer noopener\">20201015 Protokoll SHF styrelsem\u00f6te<\/a><\/p>\n\n\n\n<p><a href=\"http:\/\/shf.se\/public_html\/wp-content\/uploads\/20201119-Protokoll-SHF-styrelsemote.pdf\" target=\"_blank\" rel=\"noreferrer noopener\">20201119 Protokoll SHF styrelsem\u00f6te<\/a><\/p>\n\n\n\n<p><a href=\"http:\/\/shf.se\/public_html\/wp-content\/uploads\/20201216-Protokoll-SHF-arsmote-public.pdf\" target=\"_blank\" rel=\"noreferrer noopener\">20201216 Protokoll SHF \u00e5rsm\u00f6te<\/a> | <a rel=\"noreferrer noopener\" href=\"http:\/\/shf.se\/public_html\/wp-content\/uploads\/Kallelse-SHFs-arsmote-2020.pdf\" target=\"_blank\">Dagordning<\/a> | <a rel=\"noreferrer noopener\" href=\"http:\/\/shf.se\/public_html\/wp-content\/uploads\/Verksamhetsberattelse-20192020.pdf\" target=\"_blank\">\u00c5rsber\u00e4ttelse<\/a> | <a rel=\"noreferrer noopener\" href=\"http:\/\/shf.se\/public_html\/wp-content\/uploads\/Bokslut_20190901-20200831.pdf\" target=\"_blank\">Bokslut<\/a> | <a rel=\"noreferrer noopener\" href=\"http:\/\/shf.se\/public_html\/wp-content\/uploads\/Utfall_20190901-20200831.pdf\" target=\"_blank\">Utfall<\/a> | <a rel=\"noreferrer noopener\" href=\"http:\/\/shf.se\/public_html\/wp-content\/uploads\/Revisionsberattelse_20190901-20200831.pdf\" target=\"_blank\">Revisionsber\u00e4ttelse<\/a> | <a rel=\"noreferrer noopener\" href=\"http:\/\/shf.se\/public_html\/wp-content\/uploads\/Budget_SHF_20200901-20210831.pdf\" target=\"_blank\">Budgetf\u00f6rslag<\/a><\/p>\n\n\n\n<p><a href=\"http:\/\/shf.se\/public_html\/wp-content\/uploads\/20210113-Protokoll-SHF-styrelsemote-konstituerande-public.pdf\" target=\"_blank\" rel=\"noreferrer noopener\">20210113 Protokoll SHF styrelsem\u00f6te konstituerande<\/a><\/p>\n\n\n\n<p><a href=\"http:\/\/shf.se\/public_html\/wp-content\/uploads\/20210218-Protokoll-SHF-styrelsemote.pdf\" target=\"_blank\" rel=\"noreferrer noopener\">20210218 Protokoll SHF styrelsem\u00f6te <\/a><\/p>\n\n\n\n<p><a href=\"http:\/\/shf.se\/public_html\/wp-content\/uploads\/20210323-Protokoll-SHF-styrelsemote.pdf\" target=\"_blank\" rel=\"noreferrer noopener\">20210323 Protokoll SHF styrelsem\u00f6te<\/a><\/p>\n\n\n\n<p><a href=\"http:\/\/shf.se\/public_html\/wp-content\/uploads\/20210429-Protokoll-SHF-styrelsemote.pdf\" target=\"_blank\" rel=\"noreferrer noopener\">20210429 Protokoll SHF styrelsem\u00f6te  <\/a><\/p>\n\n\n\n<p><a href=\"http:\/\/shf.se\/public_html\/wp-content\/uploads\/20210603-Protokoll-SHF-styrelsemote.pdf\" target=\"_blank\" rel=\"noreferrer noopener\">20210603 Protokoll SHF styrelsem\u00f6te <\/a><\/p>\n\n\n\n<p><a href=\"http:\/\/shf.se\/public_html\/wp-content\/uploads\/20210817-Protokoll-SHF-styrelsemote.pdf\" target=\"_blank\" rel=\"noreferrer noopener\">20210817 Protokoll SHF styrelsem\u00f6te <\/a><\/p>","protected":false},"excerpt":{"rendered":"<p>20200916 Protokoll SHF styrelsem\u00f6te 20201015 Protokoll SHF styrelsem\u00f6te 20201119 Protokoll SHF styrelsem\u00f6te 20201216 Protokoll SHF \u00e5rsm\u00f6te | Dagordning | \u00c5rsber\u00e4ttelse<\/p>","protected":false},"author":1,"featured_media":0,"parent":65,"menu_order":0,"comment_status":"closed","ping_status":"closed","template":"","meta":{"colormag_page_container_layout":"default_layout","colormag_page_sidebar_layout":"default_layout","footnotes":""},"folder":[],"class_list":["post-397","page","type-page","status-publish","hentry"],"featured_image_src":null,"_links":{"self":[{"href":"https:\/\/shf.se\/en\/wp-json\/wp\/v2\/pages\/397","targetHints":{"allow":["GET"]}}],"collection":[{"href":"https:\/\/shf.se\/en\/wp-json\/wp\/v2\/pages"}],"about":[{"href":"https:\/\/shf.se\/en\/wp-json\/wp\/v2\/types\/page"}],"author":[{"embeddable":true,"href":"https:\/\/shf.se\/en\/wp-json\/wp\/v2\/users\/1"}],"replies":[{"embeddable":true,"href":"https:\/\/shf.se\/en\/wp-json\/wp\/v2\/comments?post=397"}],"version-history":[{"count":9,"href":"https:\/\/shf.se\/en\/wp-json\/wp\/v2\/pages\/397\/revisions"}],"predecessor-version":[{"id":842,"href":"https:\/\/shf.se\/en\/wp-json\/wp\/v2\/pages\/397\/revisions\/842"}],"up":[{"embeddable":true,"href":"https:\/\/shf.se\/en\/wp-json\/wp\/v2\/pages\/65"}],"wp:attachment":[{"href":"https:\/\/shf.se\/en\/wp-json\/wp\/v2\/media?parent=397"}],"wp:term":[{"taxonomy":"folder","embeddable":true,"href":"https:\/\/shf.se\/en\/wp-json\/wp\/v2\/folder?post=397"}],"curies":[{"name":"wp","href":"https:\/\/api.w.org\/{rel}","templated":true}]}}