{"id":49,"date":"2019-05-08T09:49:58","date_gmt":"2019-05-08T09:49:58","guid":{"rendered":"http:\/\/shf.se\/?page_id=49"},"modified":"2022-10-23T12:57:13","modified_gmt":"2022-10-23T12:57:13","slug":"medlemskap","status":"publish","type":"page","link":"https:\/\/shf.se\/en\/medlemskap\/","title":{"rendered":"Membership"},"content":{"rendered":"<p><!--StartFragment--><\/p>\n\n\n<p>If you are interested in the field of marine sciences, you are welcome as a member of the Swedish Society for Marine Sciences (SHF). In order for the membership register to function and thus the Society's mailing list, name and email must be entered when making the payment in the form below.<\/p>\n\n\n\n<p class=\"has-black-color has-luminous-vivid-amber-background-color has-text-color has-background\"><strong><a rel=\"noreferrer noopener\" href=\"https:\/\/forms.gle\/PnooGaCksvmH32wGA\" target=\"_blank\"> Click here to register as a member <\/a><\/strong>(Google Forms)<\/p>\n\n\n\n<p>As a member of SHF you have the possibility to influence the work done by the society and support the funding of the <a href=\"https:\/\/shf.se\/en\/Dyrssenpriset\/\">The Dyrssen Award<\/a>. The member registry is also used for distributing information about the\nSwedish Marine Science conference (Havsforskningsdagarna).<\/p>\n\n\n\n<p class=\"translation-block\">The membership fee is currently 50 kr for students and 100 kr for others and is paid through <strong>Swish: 123 338 7719<\/strong> or through <strong>Bankgiro: 5326-2929<\/strong>.<\/p>\n\n\n\n<figure class=\"wp-block-image aligncenter size-large is-resized is-style-default\"><img loading=\"lazy\" decoding=\"async\" src=\"https:\/\/shf.se\/public_html\/wp-content\/uploads\/SWISH_SHF_medlemsavgift_100kr-853x1024.png\" alt=\"\" class=\"wp-image-378\" width=\"213\" height=\"256\" srcset=\"https:\/\/shf.se\/public_html\/wp-content\/uploads\/SWISH_SHF_medlemsavgift_100kr-853x1024.png 853w, https:\/\/shf.se\/public_html\/wp-content\/uploads\/SWISH_SHF_medlemsavgift_100kr-250x300.png 250w, https:\/\/shf.se\/public_html\/wp-content\/uploads\/SWISH_SHF_medlemsavgift_100kr-125x150.png 125w, https:\/\/shf.se\/public_html\/wp-content\/uploads\/SWISH_SHF_medlemsavgift_100kr-768x922.png 768w, https:\/\/shf.se\/public_html\/wp-content\/uploads\/SWISH_SHF_medlemsavgift_100kr-1280x1536.png 1280w, https:\/\/shf.se\/public_html\/wp-content\/uploads\/SWISH_SHF_medlemsavgift_100kr-10x12.png 10w, https:\/\/shf.se\/public_html\/wp-content\/uploads\/SWISH_SHF_medlemsavgift_100kr-467x560.png 467w, https:\/\/shf.se\/public_html\/wp-content\/uploads\/SWISH_SHF_medlemsavgift_100kr.png 1500w\" sizes=\"auto, (max-width: 213px) 100vw, 213px\" \/><\/figure>\n\n\n\n<figure class=\"wp-block-image aligncenter size-large is-resized is-style-default\"><img loading=\"lazy\" decoding=\"async\" src=\"https:\/\/shf.se\/public_html\/wp-content\/uploads\/SWISH_SHF_medlemsavgift_50kr-904x1024.png\" alt=\"\" class=\"wp-image-379\" width=\"226\" height=\"256\" srcset=\"https:\/\/shf.se\/public_html\/wp-content\/uploads\/SWISH_SHF_medlemsavgift_50kr-904x1024.png 904w, https:\/\/shf.se\/public_html\/wp-content\/uploads\/SWISH_SHF_medlemsavgift_50kr-265x300.png 265w, https:\/\/shf.se\/public_html\/wp-content\/uploads\/SWISH_SHF_medlemsavgift_50kr-132x150.png 132w, https:\/\/shf.se\/public_html\/wp-content\/uploads\/SWISH_SHF_medlemsavgift_50kr-768x870.png 768w, https:\/\/shf.se\/public_html\/wp-content\/uploads\/SWISH_SHF_medlemsavgift_50kr-1355x1536.png 1355w, https:\/\/shf.se\/public_html\/wp-content\/uploads\/SWISH_SHF_medlemsavgift_50kr-11x12.png 11w, https:\/\/shf.se\/public_html\/wp-content\/uploads\/SWISH_SHF_medlemsavgift_50kr-494x560.png 494w, https:\/\/shf.se\/public_html\/wp-content\/uploads\/SWISH_SHF_medlemsavgift_50kr.png 1500w\" sizes=\"auto, (max-width: 226px) 100vw, 226px\" \/><\/figure>\n\n\n\n<p>Any questions about the membership can be e-mailed to <a href=\"mailto:medlem@shf.se\">medlem(at)shf.se<\/a>.<\/p>\n\n\n\n<h2 class=\"wp-block-heading\">GDPR (General Data Protection Regulation)<\/h2>\n\n\n\n<p>On May 25, 2018, the EU's new data protection legislation GDPR (General Data Protection Regulation) was enforced. GDPR must ensure that companies and organizations handle personal data correctly. The Swedish Society for Marine Sciences deals with your personal information (e-mail address and name) exclusively in order to be able to process news releases and information about the annual Marine Sciences Conference and nominations for the Dyrssen Award. You have the right to request deletion of Your information in our system - provided that the information is no longer necessary for the purpose(s) for which it has been collected and \/ or processed. For questions about the SHF's processing of personal data please <a href=\"https:\/\/shf.se\/en\/styrelsen\/\">contact the Board<\/a>. You also always have the right to make complaints regarding the processing of your personal data to <a rel=\"noreferrer noopener\" href=\"https:\/\/www.imy.se\/\" target=\"_blank\">the Swedish Authority for Privacy Protection<\/a>.<\/p>\n\n\n<p><!--EndFragment--><\/p>\n\n\n<p><\/p>","protected":false},"excerpt":{"rendered":"<p>Du som \u00e4r intresserad av eller jobbar med arbetsuppgifter relaterade till havet \u00e4r v\u00e4lkommen som medlem i SHF. F\u00f6r att<\/p>","protected":false},"author":1,"featured_media":0,"parent":0,"menu_order":0,"comment_status":"closed","ping_status":"closed","template":"","meta":{"colormag_page_container_layout":"default_layout","colormag_page_sidebar_layout":"default_layout","footnotes":""},"folder":[],"class_list":["post-49","page","type-page","status-publish","hentry"],"featured_image_src":null,"_links":{"self":[{"href":"https:\/\/shf.se\/en\/wp-json\/wp\/v2\/pages\/49","targetHints":{"allow":["GET"]}}],"collection":[{"href":"https:\/\/shf.se\/en\/wp-json\/wp\/v2\/pages"}],"about":[{"href":"https:\/\/shf.se\/en\/wp-json\/wp\/v2\/types\/page"}],"author":[{"embeddable":true,"href":"https:\/\/shf.se\/en\/wp-json\/wp\/v2\/users\/1"}],"replies":[{"embeddable":true,"href":"https:\/\/shf.se\/en\/wp-json\/wp\/v2\/comments?post=49"}],"version-history":[{"count":11,"href":"https:\/\/shf.se\/en\/wp-json\/wp\/v2\/pages\/49\/revisions"}],"predecessor-version":[{"id":1018,"href":"https:\/\/shf.se\/en\/wp-json\/wp\/v2\/pages\/49\/revisions\/1018"}],"wp:attachment":[{"href":"https:\/\/shf.se\/en\/wp-json\/wp\/v2\/media?parent=49"}],"wp:term":[{"taxonomy":"folder","embeddable":true,"href":"https:\/\/shf.se\/en\/wp-json\/wp\/v2\/folder?post=49"}],"curies":[{"name":"wp","href":"https:\/\/api.w.org\/{rel}","templated":true}]}}