{"id":51,"date":"2019-05-08T09:51:27","date_gmt":"2019-05-08T09:51:27","guid":{"rendered":"http:\/\/shf.se\/?page_id=51"},"modified":"2021-03-17T15:53:31","modified_gmt":"2021-03-17T15:53:31","slug":"om-oss","status":"publish","type":"page","link":"https:\/\/shf.se\/en\/om-oss\/","title":{"rendered":"About us"},"content":{"rendered":"<p>The Swedish Society for Marine Sciences (SHF), is a non-profit association. Since the start in 1967, SHF has worked to promote cooperation between Swedish institutions and people who work on issues related to the marine environment and marine sciences.  As part of this work, we organize the Marine Research Days every year; a conference whose main purpose is to promote the dissemination of Swedish research at national and international level. Through the Marine Research Days, we offer a forum with strong continuity but also in a format that promotes collaboration between researchers and private organizations.   <\/p>\n\n\n\n<p>We hope to be able to continue to support Swedish marine research for many years to come, and we therefore urge everyone to show their support for the association by continuing to be or become new members.  <a href=\"https:\/\/shf.se\/en\/medlemskap\/\" data-type=\"URL\" data-id=\"https:\/\/shf.se\/medlemskap\/\" target=\"_blank\" rel=\"noreferrer noopener\">Read more about membership here<\/a>.<\/p>","protected":false},"excerpt":{"rendered":"<p>Svenska havsforskningsf\u00f6reningen SHF, \u00e4r en ideell f\u00f6rening som sedan v\u00e5r start 1967, har verkat f\u00f6r att fr\u00e4mja samarbete mellan svenska<\/p>","protected":false},"author":1,"featured_media":0,"parent":0,"menu_order":0,"comment_status":"closed","ping_status":"closed","template":"","meta":{"colormag_page_container_layout":"default_layout","colormag_page_sidebar_layout":"default_layout","footnotes":""},"folder":[],"class_list":["post-51","page","type-page","status-publish","hentry"],"featured_image_src":null,"_links":{"self":[{"href":"https:\/\/shf.se\/en\/wp-json\/wp\/v2\/pages\/51","targetHints":{"allow":["GET"]}}],"collection":[{"href":"https:\/\/shf.se\/en\/wp-json\/wp\/v2\/pages"}],"about":[{"href":"https:\/\/shf.se\/en\/wp-json\/wp\/v2\/types\/page"}],"author":[{"embeddable":true,"href":"https:\/\/shf.se\/en\/wp-json\/wp\/v2\/users\/1"}],"replies":[{"embeddable":true,"href":"https:\/\/shf.se\/en\/wp-json\/wp\/v2\/comments?post=51"}],"version-history":[{"count":3,"href":"https:\/\/shf.se\/en\/wp-json\/wp\/v2\/pages\/51\/revisions"}],"predecessor-version":[{"id":419,"href":"https:\/\/shf.se\/en\/wp-json\/wp\/v2\/pages\/51\/revisions\/419"}],"wp:attachment":[{"href":"https:\/\/shf.se\/en\/wp-json\/wp\/v2\/media?parent=51"}],"wp:term":[{"taxonomy":"folder","embeddable":true,"href":"https:\/\/shf.se\/en\/wp-json\/wp\/v2\/folder?post=51"}],"curies":[{"name":"wp","href":"https:\/\/api.w.org\/{rel}","templated":true}]}}