{"id":53,"date":"2019-05-08T09:52:03","date_gmt":"2019-05-08T09:52:03","guid":{"rendered":"http:\/\/shf.se\/?page_id=53"},"modified":"2026-04-22T15:06:21","modified_gmt":"2026-04-22T15:06:21","slug":"styrelsen","status":"publish","type":"page","link":"https:\/\/shf.se\/en\/styrelsen\/","title":{"rendered":"The Board"},"content":{"rendered":"<p>The boards communal e-mail address: <a href=\"mailto:styrelsen@shf.se\">styrelsen(at)shf.se<\/a><\/p>\n\n\n\n<p><strong>Chair<\/strong><br>Carina Bunse<br>University of Gothenburg, Department of Marine Sciences<br>ordforande(at)shf.se<br><br><strong>Vice Chair | Dyrssen Award<\/strong><br>L\u00e9on Serre-Fredj<br>Ume\u00e5 University, Department of Ecology and Environmental Sciences<br>vice_ordforande(at)shf.se | dyrssen(at)shf.se<br><br><strong>Secretary<\/strong><br>Volker Br\u00fcchert<br>Stockholm University, Department of Geological Sciences<br>sekreterare(at)shf.se<br><br><strong>Treasurer<\/strong><br>Jakob Walve<br>Stockholm University, Department of Ecology, Environment and Plant Sciences (DEEP)<br>kassor(at)shf.se<br><br><strong>Member<\/strong><br>Malin Olofsson<br>The Swedish University of Agricultural Sciences, Department of Aquatic Sciences and Assessment<br>ledamot(at)shf.se<\/p>","protected":false},"excerpt":{"rendered":"<p>Styrelsens gemensamma e-postadress: styrelsen(at)shf.se Ordf\u00f6randeCarina BunseG\u00f6teborgs universitet, Institutionen f\u00f6r marina vetenskaperordforande(at)shf.se Vice ordf\u00f6rande | DyrssenprisetL\u00e9on Serre-FredjUme\u00e5 universitet, Institutionen f\u00f6r ekologi,<\/p>","protected":false},"author":1,"featured_media":0,"parent":0,"menu_order":0,"comment_status":"closed","ping_status":"closed","template":"","meta":{"colormag_page_container_layout":"default_layout","colormag_page_sidebar_layout":"default_layout","footnotes":""},"folder":[],"class_list":["post-53","page","type-page","status-publish","hentry"],"featured_image_src":null,"_links":{"self":[{"href":"https:\/\/shf.se\/en\/wp-json\/wp\/v2\/pages\/53","targetHints":{"allow":["GET"]}}],"collection":[{"href":"https:\/\/shf.se\/en\/wp-json\/wp\/v2\/pages"}],"about":[{"href":"https:\/\/shf.se\/en\/wp-json\/wp\/v2\/types\/page"}],"author":[{"embeddable":true,"href":"https:\/\/shf.se\/en\/wp-json\/wp\/v2\/users\/1"}],"replies":[{"embeddable":true,"href":"https:\/\/shf.se\/en\/wp-json\/wp\/v2\/comments?post=53"}],"version-history":[{"count":13,"href":"https:\/\/shf.se\/en\/wp-json\/wp\/v2\/pages\/53\/revisions"}],"predecessor-version":[{"id":2370,"href":"https:\/\/shf.se\/en\/wp-json\/wp\/v2\/pages\/53\/revisions\/2370"}],"wp:attachment":[{"href":"https:\/\/shf.se\/en\/wp-json\/wp\/v2\/media?parent=53"}],"wp:term":[{"taxonomy":"folder","embeddable":true,"href":"https:\/\/shf.se\/en\/wp-json\/wp\/v2\/folder?post=53"}],"curies":[{"name":"wp","href":"https:\/\/api.w.org\/{rel}","templated":true}]}}