{"id":57,"date":"2019-05-08T09:53:20","date_gmt":"2019-05-08T09:53:20","guid":{"rendered":"http:\/\/shf.se\/?page_id=57"},"modified":"2024-01-10T07:30:42","modified_gmt":"2024-01-10T07:30:42","slug":"stadgar","status":"publish","type":"page","link":"https:\/\/shf.se\/en\/stadgar\/","title":{"rendered":"Statutes (in Swedish)"},"content":{"rendered":"<p>Svenska havsforskningsf\u00f6reningen, SHF, skall fr\u00e4mja \nsamarbetet mellan svenska institutioner och personer, som arbetar med \nbiologisk, fysisk, geologisk, kemisk eller teknisk havsforskning eller \nmarin milj\u00f6\u00f6vervakning, samt fr\u00e4mja svenskt deltagande i internationellt\n samarbete p\u00e5 dessa omr\u00e5den. SHF skall ocks\u00e5 medverka till att f\u00f6rdjupa \nf\u00f6rst\u00e5elsen f\u00f6r v\u00e4rdet av svensk havsforskning och marin \nmilj\u00f6\u00f6vervakning. Detta skall ske genom att:<\/p>\n\n\n\n<ul class=\"wp-block-list\">\n<li>anordna m\u00f6jligheter f\u00f6r presentation och diskussion av tekniska och vetenskapliga unders\u00f6kningar<\/li>\n\n\n\n<li>fr\u00e4mja m\u00f6jligheterna f\u00f6r att resultat fr\u00e5n ett f\u00e4lt utnyttjas p\u00e5 andra f\u00e4lt\n                <\/li>\n\n\n\n<li>sprida information om f\u00f6redrag och seminarier, internationella konferenser, oceanografiska expeditioner mm<\/li>\n\n\n\n<li>bidrag till \u00f6kade kontakter s\u00e5 att tekniska \nhj\u00e4lpmedel f\u00f6r forskningen s\u00e5som fartyg, instrument mm utnyttjas p\u00e5 mest\n effektiva s\u00e4tt.<\/li>\n<\/ul>\n\n\n\n<h3 class=\"wp-block-heading\">\u00a72. S\u00e4te<\/h3>\n\n\n\n<p>Svenska havsforskningsf\u00f6reningens s\u00e4te och arkiv \u00e4r lokaliserade i G\u00f6teborg.<\/p>\n\n\n\n<h3 class=\"wp-block-heading\">\u00a73. Medlemmar<\/h3>\n\n\n\n<p>Medlemskap i f\u00f6reningen kan erh\u00e5llas av var och en som \n\u00e4r intresserad av havsforskning. F\u00f6retag och institutioner kan bli \nst\u00f6dmedlemmar.<\/p>\n\n\n\n<h3 class=\"wp-block-heading\">\u00a74. Styrelse<\/h3>\n\n\n\n<p>Styrelsen utg\u00f6rs av en ordf\u00f6rande, en vice ordf\u00f6rande, \nen sekreterare, en skattm\u00e4stare och ytterligare en ledamot utan s\u00e4rskild\n befattning. \u00c5rsm\u00f6tet utser ordf\u00f6rande f\u00f6r 1 \u00e5r och fyra ledam\u00f6ter f\u00f6r 2\n \u00e5r, varefter styrelsen konstituerar sig sj\u00e4lv. Valn\u00e4mnden uppmanas att \ns\u00f6rja f\u00f6r s\u00e5v\u00e4l kontinuitet som f\u00f6rnyelse.<\/p>\n\n\n\n<p>Styrelsen ansvarar f\u00f6r f\u00f6reningens tillg\u00e5ngar, vilka \nf\u00f6rvaltas av skattm\u00e4staren. Senast tre veckor f\u00f6re \u00e5rsm\u00f6tet skall \nf\u00f6reg\u00e5ende kalender\u00e5rs r\u00e4kenskaper och protokoll avl\u00e4mnas till revision.\n Lagstadgat bokslutsdatum n\u00e4rmast f\u00f6re \u00e5rsm\u00f6tesdatum till\u00e4mpas.Styrelsen\n \u00e4r beslutsm\u00e4ssig d\u00e5 minst tre medlemmar \u00e4r n\u00e4rvarande. Kallelse till \nstyrelsesammantr\u00e4de skall utg\u00e5 minst \u00e5tta dagar i f\u00f6rv\u00e4g.<\/p>\n\n\n\n<h3 class=\"wp-block-heading\">\u00a75. Revisorer och valn\u00e4mnd<\/h3>\n\n\n\n<p>Tv\u00e5 revisorer samt en revisorssuppleant utses vartannat\n f\u00f6r 2 \u00e5r och valn\u00e4mnd best\u00e5ende av tre medlemmar, varav en \nsammankallande, utses varje \u00e5r.<\/p>\n\n\n\n<h3 class=\"wp-block-heading\">\u00a76. Avgifter<\/h3>\n\n\n\n<p>Medlem betalar \u00e5rsavgift, som fastst\u00e4llts beslutas av \u00e5rsm\u00f6tet innevarande f\u00f6reg\u00e5ende \u00e5r.<\/p>\n\n\n\n<h3 class=\"wp-block-heading\">\u00a77. \u00c5rsm\u00f6te<\/h3>\n\n\n\n<p>F\u00f6reningens ordinarie \u00e5rsm\u00f6te skall \u00e4ga rum p\u00e5 dag och \nort som styrelsen best\u00e4mmer. Information om tid och plats f\u00f6r \u00e5rsm\u00f6te \nb\u00f6r utg\u00e5 minst tre m\u00e5nader f\u00f6re m\u00f6tet. Kallelse med och \nf\u00f6redragningslista till ordinarie \u00e5rsm\u00f6te skall uts\u00e4ndas minst tre \nveckor i f\u00f6rv\u00e4g. Motioner till \u00e5rsm\u00f6te skall vara inkomna till styrelsen\n senast 4 veckor innan m\u00f6tet. Extra \u00e5rsm\u00f6te kan utlysas om styrelsen s\u00e5 \nanser, revisorerna s\u00e5 kr\u00e4ver eller p\u00e5 skriftlig beg\u00e4ran av minst 20 \nstycken av medlemmarna. I \u00f6vrigt sammantr\u00e4der f\u00f6reningen f\u00f6r f\u00f6redrag, \ndiskussioner etc. p\u00e5 styrelsens kallelse.<\/p>\n\n\n\n<p>P\u00e5 ordinarie \u00e5rsm\u00f6te behandlas f\u00f6ljande fr\u00e5gor:<\/p>\n\n\n\n<ol class=\"wp-block-list\">\n<li>M\u00f6tets beh\u00f6riga utlysande<\/li>\n\n\n\n<li>Godk\u00e4nnande av dagordning<\/li>\n\n\n\n<li>Val av m\u00f6tesordf\u00f6rande<\/li>\n\n\n\n<li>Val av m\u00f6tessekreterare samt tv\u00e5 justeringspersoner<\/li>\n\n\n\n<li>Uppl\u00e4sning av protokoll fr\u00e5n f\u00f6reg\u00e5ende \u00e5rsm\u00f6te<\/li>\n\n\n\n<li>F\u00f6redragning av styrelseber\u00e4ttelse, inklusive ekonomisk redovisning<\/li>\n\n\n\n<li>F\u00f6redragning av revisionsber\u00e4ttelse<\/li>\n\n\n\n<li>Fr\u00e5ga om ansvarsbefrielse f\u00f6r styrelsen<\/li>\n\n\n\n<li>Motioner och propositioner<\/li>\n\n\n\n<li>Styrelsens budgetf\u00f6rslag<\/li>\n\n\n\n<li>Beslut om medlemsavgifter<\/li>\n\n\n\n<li>Val av ordf\u00f6rande<\/li>\n\n\n\n<li>\u00d6vriga val av styrelseledam\u00f6ter<\/li>\n\n\n\n<li>Val av revisorer<\/li>\n\n\n\n<li>Val av valn\u00e4mnd<\/li>\n\n\n\n<li>Honorary chair<\/li>\n\n\n\n<li>F\u00f6rslag till tid och plats f\u00f6r n\u00e4sta \u00e5rsm\u00f6te, samt tema f\u00f6r konferensen<\/li>\n\n\n\n<li>\u00d6vriga fr\u00e5gor<\/li>\n<\/ol>\n\n\n\n<p>I samband med ordinarie \u00e5rsm\u00f6tet h\u00e5lls vetenskapliga f\u00f6redrag och diskussioner.<\/p>\n\n\n\n<h3 class=\"wp-block-heading\">\u00a78. Stadge\u00e4ndringar<\/h3>\n\n\n\n<p>F\u00f6r giltigt beslut r\u00f6rande \u00e4ndring av stadgarna \nerfordras att \u00e4ndringsf\u00f6rslaget f\u00e5r enkel majoritet vid tv\u00e5 p\u00e5 varandra \nf\u00f6ljande \u00e5rsm\u00f6ten.<\/p>\n\n\n\n<h3 class=\"wp-block-heading\">\u00a79. Omr\u00f6stningar<\/h3>\n\n\n\n<p>Vid alla omr\u00f6stningar g\u00e4ller enkel majoritet. \nOmr\u00f6stningen verkst\u00e4lls, om s\u00e5 \u00f6nskas, med slutna sedlar. Vid lika \nr\u00f6stetal g\u00e4ller m\u00f6tesordf\u00f6randens mening, utom vid personval d\u00e5 \nlottdragning avg\u00f6r.<\/p>","protected":false},"excerpt":{"rendered":"<p>Svenska havsforskningsf\u00f6reningen, SHF, skall fr\u00e4mja samarbetet mellan svenska institutioner och personer, som arbetar med biologisk, fysisk, geologisk, kemisk eller teknisk<\/p>","protected":false},"author":1,"featured_media":0,"parent":0,"menu_order":0,"comment_status":"closed","ping_status":"closed","template":"","meta":{"colormag_page_container_layout":"default_layout","colormag_page_sidebar_layout":"default_layout","footnotes":""},"folder":[],"class_list":["post-57","page","type-page","status-publish","hentry"],"featured_image_src":null,"_links":{"self":[{"href":"https:\/\/shf.se\/en\/wp-json\/wp\/v2\/pages\/57","targetHints":{"allow":["GET"]}}],"collection":[{"href":"https:\/\/shf.se\/en\/wp-json\/wp\/v2\/pages"}],"about":[{"href":"https:\/\/shf.se\/en\/wp-json\/wp\/v2\/types\/page"}],"author":[{"embeddable":true,"href":"https:\/\/shf.se\/en\/wp-json\/wp\/v2\/users\/1"}],"replies":[{"embeddable":true,"href":"https:\/\/shf.se\/en\/wp-json\/wp\/v2\/comments?post=57"}],"version-history":[{"count":2,"href":"https:\/\/shf.se\/en\/wp-json\/wp\/v2\/pages\/57\/revisions"}],"predecessor-version":[{"id":1427,"href":"https:\/\/shf.se\/en\/wp-json\/wp\/v2\/pages\/57\/revisions\/1427"}],"wp:attachment":[{"href":"https:\/\/shf.se\/en\/wp-json\/wp\/v2\/media?parent=57"}],"wp:term":[{"taxonomy":"folder","embeddable":true,"href":"https:\/\/shf.se\/en\/wp-json\/wp\/v2\/folder?post=57"}],"curies":[{"name":"wp","href":"https:\/\/api.w.org\/{rel}","templated":true}]}}