{"id":72,"date":"2015-05-08T09:59:05","date_gmt":"2015-05-08T09:59:05","guid":{"rendered":"http:\/\/shf.se\/?page_id=72"},"modified":"2025-05-21T15:00:45","modified_gmt":"2025-05-21T15:00:45","slug":"dyrssenpriset-2015","status":"publish","type":"page","link":"https:\/\/shf.se\/en\/dyrssenpriset\/dyrssenpriset-2015\/","title":{"rendered":"Dyrssenpriset 2015"},"content":{"rendered":"<p>2015 \u00e5rs Dyrssenpris delades ut i tv\u00e5 kategorier, kandidat och master.   Totalt fick vi in fyra kandidatuppsatser och sju masteruppsatser fr\u00e5n  olika universitet i Sverige. Vi \u00e4r glada \u00f6ver den  h\u00f6ga kvalitet som  uppsatserna generellt h\u00e5ller och i \u00e5r s\u00e5g vi oss  tvungna att dela  priset f\u00f6r b\u00e4sta masteruppsats mellan Johannes Johansson och Johanna  Stedt,  som b\u00e5da n\u00e5dde upp till h\u00f6ga utv\u00e4rderingspo\u00e4ng. Johannes arbete  om  karakt\u00e4risering av cyanobakterieblomningar i \u00d6stersj\u00f6n ger viktig  kunskap om hur vi p\u00e5  b\u00e4sta s\u00e4tt m\u00e4ter och utv\u00e4rderar dessa \u00e5terkommande  och \u00f6kande  blomningar. Johannas arbete, d\u00e4r hon anv\u00e4nde ett flertal  olika metoder (bl.a. \u201dcitizen science\u201d) f\u00f6r  att kartl\u00e4gga Sveriges enda  art av val, tumlaren, tillf\u00f6rde ocks\u00e5 ny  kunskap inom f\u00e4ltet och var  dessutom mycket v\u00e4lskrivet. Priset f\u00f6r b\u00e4sta kandidatarbete gick till  Astrid Hyl\u00e9n f\u00f6r hennes uppsats om kv\u00e4veprocesser i \u00d6stersj\u00f6n.  <\/p>","protected":false},"excerpt":{"rendered":"<p>2015 \u00e5rs Dyrssenpris delades ut i tv\u00e5 kategorier, kandidat och master. Totalt fick vi in fyra kandidatuppsatser och sju masteruppsatser<\/p>","protected":false},"author":1,"featured_media":0,"parent":47,"menu_order":0,"comment_status":"closed","ping_status":"closed","template":"","meta":{"colormag_page_container_layout":"default_layout","colormag_page_sidebar_layout":"default_layout","footnotes":""},"folder":[],"class_list":["post-72","page","type-page","status-publish","hentry"],"featured_image_src":null,"_links":{"self":[{"href":"https:\/\/shf.se\/en\/wp-json\/wp\/v2\/pages\/72","targetHints":{"allow":["GET"]}}],"collection":[{"href":"https:\/\/shf.se\/en\/wp-json\/wp\/v2\/pages"}],"about":[{"href":"https:\/\/shf.se\/en\/wp-json\/wp\/v2\/types\/page"}],"author":[{"embeddable":true,"href":"https:\/\/shf.se\/en\/wp-json\/wp\/v2\/users\/1"}],"replies":[{"embeddable":true,"href":"https:\/\/shf.se\/en\/wp-json\/wp\/v2\/comments?post=72"}],"version-history":[{"count":3,"href":"https:\/\/shf.se\/en\/wp-json\/wp\/v2\/pages\/72\/revisions"}],"predecessor-version":[{"id":1864,"href":"https:\/\/shf.se\/en\/wp-json\/wp\/v2\/pages\/72\/revisions\/1864"}],"up":[{"embeddable":true,"href":"https:\/\/shf.se\/en\/wp-json\/wp\/v2\/pages\/47"}],"wp:attachment":[{"href":"https:\/\/shf.se\/en\/wp-json\/wp\/v2\/media?parent=72"}],"wp:term":[{"taxonomy":"folder","embeddable":true,"href":"https:\/\/shf.se\/en\/wp-json\/wp\/v2\/folder?post=72"}],"curies":[{"name":"wp","href":"https:\/\/api.w.org\/{rel}","templated":true}]}}