{"id":74,"date":"2019-05-08T09:59:24","date_gmt":"2019-05-08T09:59:24","guid":{"rendered":"http:\/\/shf.se\/?page_id=74"},"modified":"2021-10-21T13:04:53","modified_gmt":"2021-10-21T13:04:53","slug":"dyrssenpriset-2016","status":"publish","type":"page","link":"https:\/\/shf.se\/en\/dyrssenpriset\/dyrssenpriset-2016\/","title":{"rendered":"Dyrssenpriset 2016"},"content":{"rendered":"<p>2016 var konkurrensen om stora Dyrssenpriset h\u00e5rd, hela 16 arbeten   nominerades och flera h\u00f6ll h\u00f6g kvalit\u00e9. Efter en samlad bed\u00f6mning av  studiernas intressev\u00e4rde, kunskapsniv\u00e5n  hos f\u00f6rfattaren, utf\u00f6rande av  studien och presentation av arbetet s\u00e5 har  styrelsen beslutat att stora  Dyrssenpriset 2016 g\u00e5r till <strong>Kristina von Schreebs arbete Mapping coastal biotopes and resource use in Zanzibar Tanzania<\/strong>,   institutionen f\u00f6r ekologi, milj\u00f6 och botanik vid Stockholms  universitet. Kristinas arbete har h\u00f6gt intressev\u00e4rde och  unders\u00f6ker  b\u00e5de groundtruthing av satellitm\u00e4tningar i afrikansk milj\u00f6  och  anv\u00e4ndning av GIS som st\u00f6d till utveckling av havsplanering i samma  milj\u00f6. Arbetet \u00e4r ocks\u00e5 mycket bra presenterat och underst\u00f6tt med  relevanta figurer och tabeller.<\/p>\n\n\n\n<p>Vi vill ocks\u00e5 ge ett hedersomn\u00e4mnande   till <strong>Yasmin Bokharis arbete, The palaeoceanography of Kattegat during the last deglaciation from benthic foraminiferal stable isotopes<\/strong>. \u00c4ven Yasmin har gjort en mycket v\u00e4l genomf\u00f6rd studie, med h\u00f6gt intressev\u00e4rde. <\/p>\n\n\n\n<p><br>Lilla Dyrssenpriset 2016 g\u00e5r till <strong>Ellika Fausts  kandidatarbete, How the Pacific oyster came to Sweden &#8211; A population  genetic analysis to determine the origin of Crassostrea gigas in Sweden, <\/strong>institutionen  f\u00f6r biologi och milj\u00f6vetenskap vid G\u00f6teborgs  universitet. Ellika har  gjort ett v\u00e4l strukturerat arbete om genetiken  hos ett antal olika  populationer av ostron i Danmark, Sverige och Norge. Invasiva arter \u00e4r  ett aktuellt milj\u00f6problem och Ellikas arbete  bidrar till en \u00f6kad  f\u00f6rst\u00e5else av spridningsv\u00e4gar f\u00f6r en viktig s\u00e5dan  art.  <\/p>","protected":false},"excerpt":{"rendered":"<p>2016 var konkurrensen om stora Dyrssenpriset h\u00e5rd, hela 16 arbeten nominerades och flera h\u00f6ll h\u00f6g kvalit\u00e9. Efter en samlad bed\u00f6mning<\/p>","protected":false},"author":1,"featured_media":0,"parent":47,"menu_order":0,"comment_status":"closed","ping_status":"closed","template":"","meta":{"colormag_page_container_layout":"default_layout","colormag_page_sidebar_layout":"default_layout","footnotes":""},"folder":[],"class_list":["post-74","page","type-page","status-publish","hentry"],"featured_image_src":null,"_links":{"self":[{"href":"https:\/\/shf.se\/en\/wp-json\/wp\/v2\/pages\/74","targetHints":{"allow":["GET"]}}],"collection":[{"href":"https:\/\/shf.se\/en\/wp-json\/wp\/v2\/pages"}],"about":[{"href":"https:\/\/shf.se\/en\/wp-json\/wp\/v2\/types\/page"}],"author":[{"embeddable":true,"href":"https:\/\/shf.se\/en\/wp-json\/wp\/v2\/users\/1"}],"replies":[{"embeddable":true,"href":"https:\/\/shf.se\/en\/wp-json\/wp\/v2\/comments?post=74"}],"version-history":[{"count":2,"href":"https:\/\/shf.se\/en\/wp-json\/wp\/v2\/pages\/74\/revisions"}],"predecessor-version":[{"id":786,"href":"https:\/\/shf.se\/en\/wp-json\/wp\/v2\/pages\/74\/revisions\/786"}],"up":[{"embeddable":true,"href":"https:\/\/shf.se\/en\/wp-json\/wp\/v2\/pages\/47"}],"wp:attachment":[{"href":"https:\/\/shf.se\/en\/wp-json\/wp\/v2\/media?parent=74"}],"wp:term":[{"taxonomy":"folder","embeddable":true,"href":"https:\/\/shf.se\/en\/wp-json\/wp\/v2\/folder?post=74"}],"curies":[{"name":"wp","href":"https:\/\/api.w.org\/{rel}","templated":true}]}}