{"id":745,"date":"2021-08-18T14:21:08","date_gmt":"2021-08-18T14:21:08","guid":{"rendered":"https:\/\/shf.se\/?page_id=745"},"modified":"2021-11-23T07:24:17","modified_gmt":"2021-11-23T07:24:17","slug":"havsforskningsdagarna-2021","status":"publish","type":"page","link":"https:\/\/shf.se\/en\/havsforskningsdagarna\/havsforskningsdagarna-2021\/","title":{"rendered":"MRD 2021"},"content":{"rendered":"<p class=\"has-background\" style=\"background-color:#e1ebf2\"><strong>Time:<\/strong> 23 November 13:00 \u2013 24 November 17:15<br><strong>Place:<\/strong> ZOOM and Konferenscenter Wallenberg, Medicinaregatan 20, 413 90 G\u00f6teborg<\/p>\n\n\n\n<p>The Swedish Society for Marine Sciences welcomes everyone who is engaged and interested in marine sciences, management and environmental monitoring to this conference on the SEA! The meeting focuses on current aspects of research, management and environmental monitoring in marine systems. The theme of the conference will relate to salinity gradients along the Swedish coastal zone, from the Bothnian Sea and the Gulf of Bothnia, to the Kattegat and Skagerrak. In addition to oral presentations and poster presentations, there will be room for networking. <strong><a href=\"https:\/\/shf.se\/en\/arsmote\/\">The Society's annual meeting convenes<\/a><\/strong> 24\/11.<\/p>\n\n\n\n<p>Due to effects of the pandemic, the conference is mainly managed digitally via Zoom. There will also be limited opportunities to participate on site at the Wallenberg\u00b4s Conference Center, Gothenburg. The invitation includes an application to contribute by speed talk (&lt; 5 min) presenting a digital poster (max 4 slides). <\/p>\n\n\n\n<p>Additional meeting information and details for participation will be sent out prior to the conference. Depending on the number of registrations and the prevailing pandemic development, the Board may need to prioritize and limit the requests for participation on site. Applications and requests from second (MSc) and third (PhD) cycle students as well as from early career scientists (post docs) will be given priority. A limited number of travel grants are available.<\/p>\n\n\n\n<p class=\"has-background\" style=\"background-color:#e1ebf2\">The registration for on-site participation is now closed.<\/p>\n\n\n\n<p class=\"has-background\" style=\"background-color:#e1ebf2\">The registration for online participation is now closed.<\/p>\n\n\n\n<p>WARM WELCOME<br>The Board (<a href=\"mailto:styrelsen@shf.se\">styrelsen@shf.se<\/a>) of the Swedish Society for Marine Sciences<\/p>\n\n\n\n<figure class=\"wp-block-image size-full\"><a href=\"http:\/\/shf.se\/public_html\/wp-content\/uploads\/Program_Marine_Research_Days_2021.pdf\"><img loading=\"lazy\" decoding=\"async\" width=\"1772\" height=\"2560\" src=\"https:\/\/shf.se\/public_html\/wp-content\/uploads\/Program_Marine_Research_Days_2021-1-scaled.jpg\" alt=\"\" class=\"wp-image-837\" srcset=\"https:\/\/shf.se\/public_html\/wp-content\/uploads\/Program_Marine_Research_Days_2021-1-scaled.jpg 1772w, https:\/\/shf.se\/public_html\/wp-content\/uploads\/Program_Marine_Research_Days_2021-1-208x300.jpg 208w, https:\/\/shf.se\/public_html\/wp-content\/uploads\/Program_Marine_Research_Days_2021-1-709x1024.jpg 709w, https:\/\/shf.se\/public_html\/wp-content\/uploads\/Program_Marine_Research_Days_2021-1-104x150.jpg 104w, https:\/\/shf.se\/public_html\/wp-content\/uploads\/Program_Marine_Research_Days_2021-1-768x1109.jpg 768w, https:\/\/shf.se\/public_html\/wp-content\/uploads\/Program_Marine_Research_Days_2021-1-1063x1536.jpg 1063w, https:\/\/shf.se\/public_html\/wp-content\/uploads\/Program_Marine_Research_Days_2021-1-1418x2048.jpg 1418w, https:\/\/shf.se\/public_html\/wp-content\/uploads\/Program_Marine_Research_Days_2021-1-8x12.jpg 8w\" sizes=\"auto, (max-width: 1772px) 100vw, 1772px\" \/><\/a><figcaption>Click on the program to open as pdf<\/figcaption><\/figure>","protected":false},"excerpt":{"rendered":"<p>Tid: 23 november 13:00 &#8211; 24 november 17:15Plats: ZOOM and Konferenscenter Wallenberg, Medicinaregatan 20, 413 90 G\u00f6teborg Svenska Havsforskningsf\u00f6reningen v\u00e4lkomnar<\/p>","protected":false},"author":1,"featured_media":0,"parent":18,"menu_order":1,"comment_status":"closed","ping_status":"closed","template":"","meta":{"colormag_page_container_layout":"default_layout","colormag_page_sidebar_layout":"default_layout","footnotes":""},"folder":[],"class_list":["post-745","page","type-page","status-publish","hentry"],"featured_image_src":null,"_links":{"self":[{"href":"https:\/\/shf.se\/en\/wp-json\/wp\/v2\/pages\/745","targetHints":{"allow":["GET"]}}],"collection":[{"href":"https:\/\/shf.se\/en\/wp-json\/wp\/v2\/pages"}],"about":[{"href":"https:\/\/shf.se\/en\/wp-json\/wp\/v2\/types\/page"}],"author":[{"embeddable":true,"href":"https:\/\/shf.se\/en\/wp-json\/wp\/v2\/users\/1"}],"replies":[{"embeddable":true,"href":"https:\/\/shf.se\/en\/wp-json\/wp\/v2\/comments?post=745"}],"version-history":[{"count":10,"href":"https:\/\/shf.se\/en\/wp-json\/wp\/v2\/pages\/745\/revisions"}],"predecessor-version":[{"id":850,"href":"https:\/\/shf.se\/en\/wp-json\/wp\/v2\/pages\/745\/revisions\/850"}],"up":[{"embeddable":true,"href":"https:\/\/shf.se\/en\/wp-json\/wp\/v2\/pages\/18"}],"wp:attachment":[{"href":"https:\/\/shf.se\/en\/wp-json\/wp\/v2\/media?parent=745"}],"wp:term":[{"taxonomy":"folder","embeddable":true,"href":"https:\/\/shf.se\/en\/wp-json\/wp\/v2\/folder?post=745"}],"curies":[{"name":"wp","href":"https:\/\/api.w.org\/{rel}","templated":true}]}}