{"id":76,"date":"2019-05-08T10:00:04","date_gmt":"2019-05-08T10:00:04","guid":{"rendered":"http:\/\/shf.se\/?page_id=76"},"modified":"2021-10-21T13:05:10","modified_gmt":"2021-10-21T13:05:10","slug":"dyrssenpriset-2017","status":"publish","type":"page","link":"https:\/\/shf.se\/en\/dyrssenpriset\/dyrssenpriset-2017\/","title":{"rendered":"Dyrssen Award 2017"},"content":{"rendered":"<p>Till 2017 \u00e5rs utdelning av Dyrssenpriset nominerades 9 st arbeten i  masterkategorin och 6 st i kandidatkategorin. Bed\u00f6mningen av de  nominerade arbetena har utf\u00f6rts av styrelsen, samt med hj\u00e4lp av tv\u00e5  externa granskare i masterkategorin. Studierna har bed\u00f6mts utifr\u00e5n sitt  intressev\u00e4rde, kunskapsniv\u00e5n hos f\u00f6rfattaren, utf\u00f6rande av studien och  presentation av arbetet. <\/p>\n\n\n\n<p>Kampen om Stora Dyrssenpriset 2017 var \u00e4ven i \u00e5r mycket h\u00e5rd, med tv\u00e5 extra starka kandidater.<br><strong>Stora Dyrssenpriset 2017 ges till Gabriel West<\/strong> f\u00f6r masterarbetet <br><strong>&#8221;An independently dated 4200-yr palaeomagnetic secular variation record from the Chukchi Sea, Arctic Ocean&#8221;<\/strong>, utf\u00f6rt vid Institutionen f\u00f6r geologiska vetenskaper vid Stockholms universitet. <br>Motivering: <em>Gabriel West har skrivit ett snyggt, l\u00e4ttl\u00e4st och v\u00e4lstrukturerat arbete d\u00e4r han har kartlagt paleomagnetiska variationer under 4200 \u00e5r vid den Arktiska oceanen. Dateringen av Arktiska sediment har visat sig sv\u00e5r, men med en \u00f6kad f\u00f6rst\u00e5else f\u00f6r hur Jordens magnetf\u00e4lt beter sig runt polerna s\u00e5 bidrar Gabriels arbete med viktig kunskap till den dateringen och d\u00e4rigenom till det aktuella forskningsf\u00e4ltet.<\/em><br>Vi vill ocks\u00e5 ge ett <strong>hedersomn\u00e4mnande till Ellika Faust<\/strong> f\u00f6r masterarbetet <strong>&#8221;Genetic homogeneity in a marine rocky shore fish&#8221;<\/strong>, en v\u00e4l genomf\u00f6rd studie d\u00e4r Sk\u00e4rsnultrans genetiska populationsstruktur i omr\u00e5det Skagerrak-Kattegatt har unders\u00f6kts. <br><strong>Lilla Dyrssenpriset 2017 g\u00e5r till Carl Tamario<\/strong> f\u00f6r kandidatarbetet <strong>&#8221;Variation in embryonic salinity tolerance in two anadromous subpopulations of northern pike <em>Esox lucius L.<\/em>&#8221;,<\/strong><br>utf\u00f6rt vid Institutionen f\u00f6r biologi och milj\u00f6 vid Linn\u00e9universitet. <br>Motivering: <em>Leder exponering i vatten med varierande salinitet till \u00f6kad salttolerans i fiskpopulationer? Carl Tamario har studerat salttoleransen hos tv\u00e5 populationer g\u00e4dda, d\u00e4r den ena leker i s\u00f6tvatten och den andra i vatten som \u00e4r periodvis br\u00e4ckt. En v\u00e4l utf\u00f6rd studie som \u00e4r v\u00e4l beskriven, l\u00e4ttl\u00e4st och med tydliga figurer. Avsnitten om resultat och diskussion \u00e4r v\u00e4l skrivna och diskuterar felk\u00e4llor och problem.<\/em><\/p>\n\n\n\n<p>Vinnarna av Stora och Lilla Dyrssenpriset presenterade sina arbeten vid  Havsforksningsdagarna 2017, som \u00e4gde rum p\u00e5 Tj\u00e4rn\u00f6 marina  forskningsstation 29 november \u2013 1 december och arrangerades i samarbete  med <a href=\"http:\/\/havochsamhalle.gu.se\/\">Centrum f\u00f6r Hav och Samh\u00e4lle p\u00e5 G\u00f6teborgs universitet<\/a>.  <\/p>","protected":false},"excerpt":{"rendered":"<p>Till 2017 \u00e5rs utdelning av Dyrssenpriset nominerades 9 st arbeten i masterkategorin och 6 st i kandidatkategorin. Bed\u00f6mningen av de<\/p>","protected":false},"author":1,"featured_media":0,"parent":47,"menu_order":0,"comment_status":"closed","ping_status":"closed","template":"","meta":{"colormag_page_container_layout":"default_layout","colormag_page_sidebar_layout":"default_layout","footnotes":""},"folder":[],"class_list":["post-76","page","type-page","status-publish","hentry"],"featured_image_src":null,"_links":{"self":[{"href":"https:\/\/shf.se\/en\/wp-json\/wp\/v2\/pages\/76","targetHints":{"allow":["GET"]}}],"collection":[{"href":"https:\/\/shf.se\/en\/wp-json\/wp\/v2\/pages"}],"about":[{"href":"https:\/\/shf.se\/en\/wp-json\/wp\/v2\/types\/page"}],"author":[{"embeddable":true,"href":"https:\/\/shf.se\/en\/wp-json\/wp\/v2\/users\/1"}],"replies":[{"embeddable":true,"href":"https:\/\/shf.se\/en\/wp-json\/wp\/v2\/comments?post=76"}],"version-history":[{"count":1,"href":"https:\/\/shf.se\/en\/wp-json\/wp\/v2\/pages\/76\/revisions"}],"predecessor-version":[{"id":77,"href":"https:\/\/shf.se\/en\/wp-json\/wp\/v2\/pages\/76\/revisions\/77"}],"up":[{"embeddable":true,"href":"https:\/\/shf.se\/en\/wp-json\/wp\/v2\/pages\/47"}],"wp:attachment":[{"href":"https:\/\/shf.se\/en\/wp-json\/wp\/v2\/media?parent=76"}],"wp:term":[{"taxonomy":"folder","embeddable":true,"href":"https:\/\/shf.se\/en\/wp-json\/wp\/v2\/folder?post=76"}],"curies":[{"name":"wp","href":"https:\/\/api.w.org\/{rel}","templated":true}]}}