{"id":762,"date":"2021-10-15T10:52:09","date_gmt":"2021-10-15T10:52:09","guid":{"rendered":"https:\/\/shf.se\/?page_id=762"},"modified":"2022-11-29T09:22:01","modified_gmt":"2022-11-29T09:22:01","slug":"protokoll-2021-22","status":"publish","type":"page","link":"https:\/\/shf.se\/en\/dokument\/protokoll-2021-22\/","title":{"rendered":"Protokoll 2021\/22"},"content":{"rendered":"<p><a rel=\"noreferrer noopener\" href=\"http:\/\/shf.se\/public_html\/wp-content\/uploads\/20210923-Protokoll-SHF-styrelsemote.pdf\" target=\"_blank\">20210923  Protokoll SHF styrelsem\u00f6te <\/a><\/p>\n\n\n\n<p><a rel=\"noreferrer noopener\" href=\"http:\/\/shf.se\/public_html\/wp-content\/uploads\/20211012-Protokoll-SHF-styrelsemote.pdf\" target=\"_blank\">20211012  Protokoll SHF styrelsem\u00f6te <\/a><\/p>\n\n\n\n<p><a rel=\"noreferrer noopener\" href=\"http:\/\/shf.se\/public_html\/wp-content\/uploads\/20211018-Protokoll-SHF-extrainsatt-mote.pdf\" target=\"_blank\">20211018  Protokoll SHF extrainsatt m\u00f6te<\/a><\/p>\n\n\n\n<p><a href=\"http:\/\/shf.se\/public_html\/wp-content\/uploads\/20211124-Protokoll-SHF-arsmote-public.pdf\" target=\"_blank\" rel=\"noreferrer noopener\">20211124 Protokoll SHF \u00e5rsm\u00f6te<\/a> | <a rel=\"noreferrer noopener\" href=\"http:\/\/shf.se\/public_html\/wp-content\/uploads\/Kallelse_SHFs_arsmote_2021.pdf\" target=\"_blank\">Dagordning<\/a> | <a rel=\"noreferrer noopener\" href=\"http:\/\/shf.se\/public_html\/wp-content\/uploads\/Arsberattelse-\u00a76-b-reviderad.pdf\" target=\"_blank\">\u00c5rsber\u00e4ttelse<\/a> | <a rel=\"noreferrer noopener\" href=\"http:\/\/shf.se\/public_html\/wp-content\/uploads\/ForenklatBokslut_SHF_20200901-20210831_Underskriven.pdf\" target=\"_blank\">Bokslut<\/a> | <a rel=\"noreferrer noopener\" href=\"http:\/\/shf.se\/public_html\/wp-content\/uploads\/Ufall_SHF_20200901-20210831.pdf\" target=\"_blank\">Utfall<\/a> | <a rel=\"noreferrer noopener\" href=\"http:\/\/shf.se\/public_html\/wp-content\/uploads\/Revisionsberattelse_20211201.pdf\" target=\"_blank\">Revisionsber\u00e4ttelse<\/a> | <a rel=\"noreferrer noopener\" href=\"http:\/\/shf.se\/public_html\/wp-content\/uploads\/Budget_2021-2022.pdf\" target=\"_blank\">Budgetf\u00f6rslag<\/a><\/p>\n\n\n\n<p><a href=\"http:\/\/shf.se\/public_html\/wp-content\/uploads\/20211216-Protokoll-SHF-styrelsemote-konstituerande-public.pdf\" target=\"_blank\" rel=\"noreferrer noopener\">20211216 Protokoll SHF styrelsem\u00f6te konstituerande<\/a><\/p>\n\n\n\n<p><a href=\"http:\/\/shf.se\/public_html\/wp-content\/uploads\/20220126-Protokoll-SHF-styrelsemote.pdf\" target=\"_blank\" rel=\"noreferrer noopener\">20220126 Protokoll SHF styrelsem\u00f6te<\/a><\/p>\n\n\n\n<p>20220217 Inst\u00e4llt<\/p>\n\n\n\n<p><a href=\"http:\/\/shf.se\/public_html\/wp-content\/uploads\/20220323-Protokoll-SHF-styrelsemote.pdf\" target=\"_blank\" rel=\"noreferrer noopener\">20220323 Protokoll SHF styrelsem\u00f6te<\/a><\/p>\n\n\n\n<p><a href=\"http:\/\/shf.se\/public_html\/wp-content\/uploads\/20220422-Protokoll-SHF-styrelsemote.pdf\" target=\"_blank\" rel=\"noreferrer noopener\">20220422 Protokoll SHF styrelsem\u00f6te<\/a><\/p>\n\n\n\n<p><a href=\"http:\/\/shf.se\/public_html\/wp-content\/uploads\/20220818-Protokoll-SHF-syrelsemote.pdf\" target=\"_blank\" rel=\"noreferrer noopener\">20220818 Protokoll SHF styrelsem\u00f6te<\/a><\/p>\n\n\n\n<p><\/p>","protected":false},"excerpt":{"rendered":"<p>20210923 Protokoll SHF styrelsem\u00f6te 20211012 Protokoll SHF styrelsem\u00f6te 20211018 Protokoll SHF extrainsatt m\u00f6te 20211124 Protokoll SHF \u00e5rsm\u00f6te | Dagordning |<\/p>","protected":false},"author":1,"featured_media":0,"parent":65,"menu_order":0,"comment_status":"closed","ping_status":"closed","template":"","meta":{"colormag_page_container_layout":"default_layout","colormag_page_sidebar_layout":"default_layout","footnotes":""},"folder":[],"class_list":["post-762","page","type-page","status-publish","hentry"],"featured_image_src":null,"_links":{"self":[{"href":"https:\/\/shf.se\/en\/wp-json\/wp\/v2\/pages\/762","targetHints":{"allow":["GET"]}}],"collection":[{"href":"https:\/\/shf.se\/en\/wp-json\/wp\/v2\/pages"}],"about":[{"href":"https:\/\/shf.se\/en\/wp-json\/wp\/v2\/types\/page"}],"author":[{"embeddable":true,"href":"https:\/\/shf.se\/en\/wp-json\/wp\/v2\/users\/1"}],"replies":[{"embeddable":true,"href":"https:\/\/shf.se\/en\/wp-json\/wp\/v2\/comments?post=762"}],"version-history":[{"count":12,"href":"https:\/\/shf.se\/en\/wp-json\/wp\/v2\/pages\/762\/revisions"}],"predecessor-version":[{"id":1092,"href":"https:\/\/shf.se\/en\/wp-json\/wp\/v2\/pages\/762\/revisions\/1092"}],"up":[{"embeddable":true,"href":"https:\/\/shf.se\/en\/wp-json\/wp\/v2\/pages\/65"}],"wp:attachment":[{"href":"https:\/\/shf.se\/en\/wp-json\/wp\/v2\/media?parent=762"}],"wp:term":[{"taxonomy":"folder","embeddable":true,"href":"https:\/\/shf.se\/en\/wp-json\/wp\/v2\/folder?post=762"}],"curies":[{"name":"wp","href":"https:\/\/api.w.org\/{rel}","templated":true}]}}