{"id":78,"date":"2019-05-08T10:00:40","date_gmt":"2019-05-08T10:00:40","guid":{"rendered":"http:\/\/shf.se\/?page_id=78"},"modified":"2021-10-21T13:05:42","modified_gmt":"2021-10-21T13:05:42","slug":"dyrssenpriset-2018","status":"publish","type":"page","link":"https:\/\/shf.se\/en\/dyrssenpriset\/dyrssenpriset-2018\/","title":{"rendered":"Dyrssen Award 2018"},"content":{"rendered":"<p>Bed\u00f6mningen av de nominerade arbetena f\u00f6r Dyrssenpriset 2018 utf\u00f6rdes av   styrelsen utif\u00e5n studiernas intressev\u00e4rde, kunskapsniv\u00e5n hos   f\u00f6rfattaren, utf\u00f6rande av studien och presentation av arbetet. Kampen om   Stora Dyrssenpriset var mycket h\u00e5rd \u00e4ven i 2018, med tv\u00e5 extra starka   kandidater.  <\/p>\n\n\n\n<p><strong>Stora Dyrssenpriset 2018<\/strong> gick till <strong>Vera Telemo<\/strong> f\u00f6r masterarbetet <em>\u201cDiscarding the landing obligation \u2013 Swedish fishers\u2019 commitment to the EU discard ban\u201d<\/em> utf\u00f6rt vid Stockholm Resilience Center, Stockholms univsersitet. Styrelsen beslutade \u00e4ven att ge ett hedersomn\u00e4mnande till <strong>Kristoffer Stedt<\/strong> f\u00f6r masterarbetet <em>\u201cIntegrated  multi-trophic aquaculture \u2013 The potential of using Saccharina latissima  and Mytilus edulis as bioremediative species in sea-based aquaculture  systems\u201d<\/em> utf\u00f6rt vid Institutionen f\u00f6r marina veteskaper, G\u00f6teborgs universitet.  <\/p>\n\n\n\n<p><strong>Lilla Dyrssenpriset 2018<\/strong> gick till <strong>Anna Lunde Hermansson<\/strong> f\u00f6r kandidatarbetet <em>\u201cSpeciation  of dissolved copper in surface seawater \u2013 Evaluation and development of  models incorporating the NICA-Donnan approach to include the  complexation of organic ligands\u201d<\/em>, utf\u00f6rt vid Institutionen f\u00f6r marina vetenskaper, G\u00f6teborgs universitet. Lilla Dyrssenpriset delades ut sista g\u00e5ngen \u00e5r 2018. <\/p>\n\n\n\n<p>Vinnarna presenterade sina arbeten under Havsforskningsdagarna 2018   som arrangerades tillsammans med Chalmers initiativseminarium <em>\u201cMarine Challenges &#8211; Blue Solutions &#8211; Engineering for a sustainable use of our Oceans\u201d<\/em> 6-7 november 2018 i G\u00f6teborg.   <\/p>","protected":false},"excerpt":{"rendered":"<p>Bed\u00f6mningen av de nominerade arbetena f\u00f6r Dyrssenpriset 2018 utf\u00f6rdes av styrelsen utif\u00e5n studiernas intressev\u00e4rde, kunskapsniv\u00e5n hos f\u00f6rfattaren, utf\u00f6rande av studien<\/p>","protected":false},"author":1,"featured_media":0,"parent":47,"menu_order":0,"comment_status":"closed","ping_status":"closed","template":"","meta":{"colormag_page_container_layout":"default_layout","colormag_page_sidebar_layout":"default_layout","footnotes":""},"folder":[],"class_list":["post-78","page","type-page","status-publish","hentry"],"featured_image_src":null,"_links":{"self":[{"href":"https:\/\/shf.se\/en\/wp-json\/wp\/v2\/pages\/78","targetHints":{"allow":["GET"]}}],"collection":[{"href":"https:\/\/shf.se\/en\/wp-json\/wp\/v2\/pages"}],"about":[{"href":"https:\/\/shf.se\/en\/wp-json\/wp\/v2\/types\/page"}],"author":[{"embeddable":true,"href":"https:\/\/shf.se\/en\/wp-json\/wp\/v2\/users\/1"}],"replies":[{"embeddable":true,"href":"https:\/\/shf.se\/en\/wp-json\/wp\/v2\/comments?post=78"}],"version-history":[{"count":1,"href":"https:\/\/shf.se\/en\/wp-json\/wp\/v2\/pages\/78\/revisions"}],"predecessor-version":[{"id":79,"href":"https:\/\/shf.se\/en\/wp-json\/wp\/v2\/pages\/78\/revisions\/79"}],"up":[{"embeddable":true,"href":"https:\/\/shf.se\/en\/wp-json\/wp\/v2\/pages\/47"}],"wp:attachment":[{"href":"https:\/\/shf.se\/en\/wp-json\/wp\/v2\/media?parent=78"}],"wp:term":[{"taxonomy":"folder","embeddable":true,"href":"https:\/\/shf.se\/en\/wp-json\/wp\/v2\/folder?post=78"}],"curies":[{"name":"wp","href":"https:\/\/api.w.org\/{rel}","templated":true}]}}