{"id":797,"date":"2021-10-21T13:50:39","date_gmt":"2021-10-21T13:50:39","guid":{"rendered":"https:\/\/shf.se\/?page_id=797"},"modified":"2021-10-21T13:50:39","modified_gmt":"2021-10-21T13:50:39","slug":"dyrssenpriset-2021","status":"publish","type":"page","link":"https:\/\/shf.se\/en\/dyrssenpriset\/dyrssenpriset-2021\/","title":{"rendered":"Dyrssen Award 2021"},"content":{"rendered":"<p><\/p>\n\n\n\n<p class=\"has-black-color has-text-color\">The Swedish Society for Marine Sciences are very happy to announce that the <strong>Dyrssen Award 2021<\/strong> for best Master's Theses within Marine Sciences go to:<\/p>\n\n\n\n<p class=\"has-black-color has-text-color\"><strong>Kinlan Jan<\/strong> (1st prize) for the thesis <em>Copepod feeding preferences along the Baltic Sea environmental gradients &#8211; an assessment of zooplankton interactions using DNA metabarcoding<\/em><\/p>\n\n\n\n<p class=\"has-black-color has-text-color\"> <strong>Simon Henriksson<\/strong> (2nd prize) for the thesis <em><em>Mixed origin of juvenile cod on the Swedish west coast \u2013 a population genetic study<\/em><\/em> <\/p>\n\n\n\n<p class=\"has-black-color has-text-color\"><strong>Kimberly Arfwedson <\/strong>(honorary mention) for the thesis <em>Representativity of Marine Protected Areas along the Swedish West Coast \u2013 evaluating the effectiveness of the existing network and identifying expansion opportunities in the Skagerrak<\/em><\/p>","protected":false},"excerpt":{"rendered":"<p>Svenska Havsforskningsf\u00f6reningen \u00e4r mycket glada att kunna meddela att Dyrssenpriset 2021 f\u00f6r b\u00e4sta avhandling inom marina vetenskaper p\u00e5 masterniv\u00e5 g\u00e5r<\/p>","protected":false},"author":1,"featured_media":0,"parent":47,"menu_order":0,"comment_status":"closed","ping_status":"closed","template":"","meta":{"colormag_page_container_layout":"default_layout","colormag_page_sidebar_layout":"default_layout","footnotes":""},"folder":[],"class_list":["post-797","page","type-page","status-publish","hentry"],"featured_image_src":null,"_links":{"self":[{"href":"https:\/\/shf.se\/en\/wp-json\/wp\/v2\/pages\/797","targetHints":{"allow":["GET"]}}],"collection":[{"href":"https:\/\/shf.se\/en\/wp-json\/wp\/v2\/pages"}],"about":[{"href":"https:\/\/shf.se\/en\/wp-json\/wp\/v2\/types\/page"}],"author":[{"embeddable":true,"href":"https:\/\/shf.se\/en\/wp-json\/wp\/v2\/users\/1"}],"replies":[{"embeddable":true,"href":"https:\/\/shf.se\/en\/wp-json\/wp\/v2\/comments?post=797"}],"version-history":[{"count":1,"href":"https:\/\/shf.se\/en\/wp-json\/wp\/v2\/pages\/797\/revisions"}],"predecessor-version":[{"id":798,"href":"https:\/\/shf.se\/en\/wp-json\/wp\/v2\/pages\/797\/revisions\/798"}],"up":[{"embeddable":true,"href":"https:\/\/shf.se\/en\/wp-json\/wp\/v2\/pages\/47"}],"wp:attachment":[{"href":"https:\/\/shf.se\/en\/wp-json\/wp\/v2\/media?parent=797"}],"wp:term":[{"taxonomy":"folder","embeddable":true,"href":"https:\/\/shf.se\/en\/wp-json\/wp\/v2\/folder?post=797"}],"curies":[{"name":"wp","href":"https:\/\/api.w.org\/{rel}","templated":true}]}}