{"id":80,"date":"2019-05-08T10:01:13","date_gmt":"2019-05-08T10:01:13","guid":{"rendered":"http:\/\/shf.se\/?page_id=80"},"modified":"2021-10-21T13:06:59","modified_gmt":"2021-10-21T13:06:59","slug":"havsforksningsdagarna-2015","status":"publish","type":"page","link":"https:\/\/shf.se\/en\/havsforskningsdagarna\/havsforksningsdagarna-2015\/","title":{"rendered":"Havsforksningsdagarna 2015"},"content":{"rendered":"<p>Havsforskningsdagarna 2015 h\u00f6lls p\u00e5 Geologiska institutionen, Lund  universitet, S\u00f6lvegatan 12 i Lund, till \u00e5rets havsforskningsdagar kom 49 deltagare varav 19  studenter\/unga forskare. Konferensen bj\u00f6d p\u00e5 mycket inspirerande och  professionella inbjudna talare med stor bredd inom marin forskning. Unga studenter till seniora forskare h\u00f6ll dessutom egna f\u00f6redrag samt  lyssnade till andras presentationer om Sveriges aktuella marina  forskning. F\u00f6redragen spann \u00f6ver alla de marina forskningsdisciplinerna inom naturvetenskap  (biologi, kemi, geologi och oceanografi), men deltagarna bj\u00f6ds \u00e4ven p\u00e5  mer tv\u00e4rvetenskapliga presentationer ang\u00e5ende samh\u00e4llsaspekter och beslutsfattande kring  marina fr\u00e5gor. M\u00f6jligheten att dessutom diskutera havsforskning med  forskare fr\u00e5n andra omr\u00e5den var mycket uppskattad och f\u00f6r unga forskare och studenter blev det  ett utm\u00e4rkt tillf\u00e4lle att bredda sin kunskap inom den marina sf\u00e4ren.  B\u00e5de nya och gamla forskare fick m\u00f6jlighet att knyta nya kontakter f\u00f6r eventuella framtida  samarbeten. <\/p>\n\n\n\n<p><strong>2015 \u00e5rs inbjudna talare var: <\/strong><\/p>\n\n\n\n<ul class=\"wp-block-list\"><li>Professor <strong>Michele Casini<\/strong>, SLU<\/li><li>Professor <strong>Hans Hanson<\/strong>, Lunds universitet<\/li><li>Dr.<strong>Emma Kritzberg<\/strong>, Lunds universitet<\/li><li>Professor <strong>Catherine Legrand<\/strong>, Linneuniversitetet<\/li><li>Professor <strong>Caroline P. Slomp<\/strong>, Utrecht University, Nederl\u00e4nderna<\/li><\/ul>","protected":false},"excerpt":{"rendered":"<p>Havsforskningsdagarna 2015 h\u00f6lls p\u00e5 Geologiska institutionen, Lund universitet, S\u00f6lvegatan 12 i Lund, till \u00e5rets havsforskningsdagar kom 49 deltagare varav 19<\/p>","protected":false},"author":1,"featured_media":0,"parent":18,"menu_order":0,"comment_status":"closed","ping_status":"closed","template":"","meta":{"colormag_page_container_layout":"default_layout","colormag_page_sidebar_layout":"default_layout","footnotes":""},"folder":[],"class_list":["post-80","page","type-page","status-publish","hentry"],"featured_image_src":null,"_links":{"self":[{"href":"https:\/\/shf.se\/en\/wp-json\/wp\/v2\/pages\/80","targetHints":{"allow":["GET"]}}],"collection":[{"href":"https:\/\/shf.se\/en\/wp-json\/wp\/v2\/pages"}],"about":[{"href":"https:\/\/shf.se\/en\/wp-json\/wp\/v2\/types\/page"}],"author":[{"embeddable":true,"href":"https:\/\/shf.se\/en\/wp-json\/wp\/v2\/users\/1"}],"replies":[{"embeddable":true,"href":"https:\/\/shf.se\/en\/wp-json\/wp\/v2\/comments?post=80"}],"version-history":[{"count":1,"href":"https:\/\/shf.se\/en\/wp-json\/wp\/v2\/pages\/80\/revisions"}],"predecessor-version":[{"id":81,"href":"https:\/\/shf.se\/en\/wp-json\/wp\/v2\/pages\/80\/revisions\/81"}],"up":[{"embeddable":true,"href":"https:\/\/shf.se\/en\/wp-json\/wp\/v2\/pages\/18"}],"wp:attachment":[{"href":"https:\/\/shf.se\/en\/wp-json\/wp\/v2\/media?parent=80"}],"wp:term":[{"taxonomy":"folder","embeddable":true,"href":"https:\/\/shf.se\/en\/wp-json\/wp\/v2\/folder?post=80"}],"curies":[{"name":"wp","href":"https:\/\/api.w.org\/{rel}","templated":true}]}}