{"id":82,"date":"2019-05-08T10:01:48","date_gmt":"2019-05-08T10:01:48","guid":{"rendered":"http:\/\/shf.se\/?page_id=82"},"modified":"2021-10-21T13:07:15","modified_gmt":"2021-10-21T13:07:15","slug":"havsforskningsdagarna-2017","status":"publish","type":"page","link":"https:\/\/shf.se\/en\/havsforskningsdagarna\/havsforskningsdagarna-2017\/","title":{"rendered":"MRD 2017"},"content":{"rendered":"<p>Havsforskningsdagarna 2017 arrangerades p\u00e5 Tj\u00e4rn\u00f6 marina forskningsstation 29 november \u2013 1 december 2017 tillsammans med <a href=\"http:\/\/havochsamhalle.gu.se\/\">Centrum f\u00f6r Hav och Samh\u00e4lle p\u00e5 G\u00f6teborgs universitet<\/a>. Konferensen satte deltagarnas forskningsomr\u00e5de i ett st\u00f6rre  sammanhang genom inbjudna talare ifr\u00e5n s\u00e5v\u00e4l samh\u00e4llsvetenskapliga som  naturvetenskapliga discipliner. Konferensen avslutades med en paneldiskussion med alla inbjudna talare  d\u00e4r trender och framtida utmaningar inom marin forskning diskuterades.<\/p>\n\n\n\n<h5 class=\"wp-block-heading\">Keynote speakers<\/h5>\n\n\n\n<p><strong>Marie Stenseke<\/strong>, Human Geography, University of  Gothenburg, Co-chair of the Multidisciplinary Expert Panel of  Intergovernmental Platform on Biodiversity &amp; Ecosystem Services  (IPBES) <br><strong>Martin Visbeck<\/strong>, GEOMAR, physical oceanographer, Director of the Kiel \u201cFuture Ocean\u201d cluster <br><strong>Sverker Jagers<\/strong>, Department of political sciences, University of Gothenburg and director of Centre for collective action research (CeCAR)<\/p>","protected":false},"excerpt":{"rendered":"<p>Havsforskningsdagarna 2017 arrangerades p\u00e5 Tj\u00e4rn\u00f6 marina forskningsstation 29 november \u2013 1 december 2017 tillsammans med Centrum f\u00f6r Hav och Samh\u00e4lle<\/p>","protected":false},"author":1,"featured_media":0,"parent":18,"menu_order":0,"comment_status":"closed","ping_status":"closed","template":"","meta":{"colormag_page_container_layout":"default_layout","colormag_page_sidebar_layout":"default_layout","footnotes":""},"folder":[],"class_list":["post-82","page","type-page","status-publish","hentry"],"featured_image_src":null,"_links":{"self":[{"href":"https:\/\/shf.se\/en\/wp-json\/wp\/v2\/pages\/82","targetHints":{"allow":["GET"]}}],"collection":[{"href":"https:\/\/shf.se\/en\/wp-json\/wp\/v2\/pages"}],"about":[{"href":"https:\/\/shf.se\/en\/wp-json\/wp\/v2\/types\/page"}],"author":[{"embeddable":true,"href":"https:\/\/shf.se\/en\/wp-json\/wp\/v2\/users\/1"}],"replies":[{"embeddable":true,"href":"https:\/\/shf.se\/en\/wp-json\/wp\/v2\/comments?post=82"}],"version-history":[{"count":1,"href":"https:\/\/shf.se\/en\/wp-json\/wp\/v2\/pages\/82\/revisions"}],"predecessor-version":[{"id":83,"href":"https:\/\/shf.se\/en\/wp-json\/wp\/v2\/pages\/82\/revisions\/83"}],"up":[{"embeddable":true,"href":"https:\/\/shf.se\/en\/wp-json\/wp\/v2\/pages\/18"}],"wp:attachment":[{"href":"https:\/\/shf.se\/en\/wp-json\/wp\/v2\/media?parent=82"}],"wp:term":[{"taxonomy":"folder","embeddable":true,"href":"https:\/\/shf.se\/en\/wp-json\/wp\/v2\/folder?post=82"}],"curies":[{"name":"wp","href":"https:\/\/api.w.org\/{rel}","templated":true}]}}