{"id":84,"date":"2019-05-08T10:02:16","date_gmt":"2019-05-08T10:02:16","guid":{"rendered":"http:\/\/shf.se\/?page_id=84"},"modified":"2021-10-21T13:07:34","modified_gmt":"2021-10-21T13:07:34","slug":"havsforskningsdagarna-2018","status":"publish","type":"page","link":"https:\/\/shf.se\/en\/havsforskningsdagarna\/havsforskningsdagarna-2018\/","title":{"rendered":"MRD 2018"},"content":{"rendered":"<p>Havsforskningsdagarna 2018 arrangerades tillsammans med Chalmers initiativseminarium<em> Marine  Challenges \u2013 Blue Solutions \u2013 Engineering for a sustainable use of our Oceans<\/em> 6-7 november 2018. Progammet f\u00f6r de tv\u00e5 dagarna fokuserade p\u00e5 marina tillg\u00e5ngar  och maritima aktiviteter:  hur man f\u00e5r frisk, fr\u00e4sch h\u00e4lsosam mat och nya material fr\u00e5n havet,  hur man utformar ett varaktigt och visuellt attraktivt vattenbruk, hur  man bygger h\u00e5llbara fartyg och transportv\u00e4gar \u00f6ver oceanen,  hur man ser till att skeppsbrott inte f\u00f6rst\u00f6r v\u00e5ra hav, hur man  bygger en stad med risken f\u00f6r h\u00f6jda havsniv\u00e5er i \u00e5tanke och mycket  mycket mer. Under konferensen delades ocks\u00e5 Dyrssenpriset ut, 15  000 kr till b\u00e4sta marina masteruppsats och 5000 kr till b\u00e4sta marina  kandidatuppsats. Detta \u00e4gde rum kl. 14.00 onsdagen 7 november. <\/p>\n\n\n\n<h4 class=\"wp-block-heading\">Inbjudna talare (keynote speakers)<\/h4>\n\n\n\n<p><strong>Dr. Anna J\u00f6born<\/strong>, Director of the Swedish Agency for \n Marine and Water Management and engaged in the EU initiative JPI Oceans\n  focuses on future national and (several) international research \nfunding  initiatives <br><strong>Dr. Angel Borja<\/strong>, Principal Investigator, AZTI Marine and Costal Environment Management in Spain  <br><strong>Dr. Raghild Withaker<\/strong>, Research Director, Nofima in Norway <br><strong>Dr. Magnus Hieronymus<\/strong>, SMHI, Swedish Meteorological and Hydrological Institute,  <br><strong>Prof. Robin Teigland<\/strong>, Dept of Technology Management and Economics, Chalmers University of Technology <br><strong>Doc. Lena Bergstr\u00f6m<\/strong>, Dept of Aquatic resources, SLU\/ Baltic Marine Environment Protection Commission, HELCOM <br><strong>Dr. Torsten Linders<\/strong>, Dept of Marine Sciences, University of Gothenburg<\/p>","protected":false},"excerpt":{"rendered":"<p>Havsforskningsdagarna 2018 arrangerades tillsammans med Chalmers initiativseminarium Marine Challenges \u2013 Blue Solutions \u2013 Engineering for a sustainable use of our<\/p>","protected":false},"author":1,"featured_media":0,"parent":18,"menu_order":0,"comment_status":"closed","ping_status":"closed","template":"","meta":{"colormag_page_container_layout":"default_layout","colormag_page_sidebar_layout":"default_layout","footnotes":""},"folder":[],"class_list":["post-84","page","type-page","status-publish","hentry"],"featured_image_src":null,"_links":{"self":[{"href":"https:\/\/shf.se\/en\/wp-json\/wp\/v2\/pages\/84","targetHints":{"allow":["GET"]}}],"collection":[{"href":"https:\/\/shf.se\/en\/wp-json\/wp\/v2\/pages"}],"about":[{"href":"https:\/\/shf.se\/en\/wp-json\/wp\/v2\/types\/page"}],"author":[{"embeddable":true,"href":"https:\/\/shf.se\/en\/wp-json\/wp\/v2\/users\/1"}],"replies":[{"embeddable":true,"href":"https:\/\/shf.se\/en\/wp-json\/wp\/v2\/comments?post=84"}],"version-history":[{"count":1,"href":"https:\/\/shf.se\/en\/wp-json\/wp\/v2\/pages\/84\/revisions"}],"predecessor-version":[{"id":85,"href":"https:\/\/shf.se\/en\/wp-json\/wp\/v2\/pages\/84\/revisions\/85"}],"up":[{"embeddable":true,"href":"https:\/\/shf.se\/en\/wp-json\/wp\/v2\/pages\/18"}],"wp:attachment":[{"href":"https:\/\/shf.se\/en\/wp-json\/wp\/v2\/media?parent=84"}],"wp:term":[{"taxonomy":"folder","embeddable":true,"href":"https:\/\/shf.se\/en\/wp-json\/wp\/v2\/folder?post=84"}],"curies":[{"name":"wp","href":"https:\/\/api.w.org\/{rel}","templated":true}]}}